{"id":858,"date":"2021-01-15T08:36:11","date_gmt":"2021-01-15T08:36:11","guid":{"rendered":"https:\/\/polonezbis.eu\/terms-of-use\/"},"modified":"2021-03-01T02:37:02","modified_gmt":"2021-03-01T02:37:02","slug":"regulamin-subskrypcji-newslettera","status":"publish","type":"page","link":"https:\/\/polonezbis.eu\/pl\/regulamin-subskrypcji-newslettera\/","title":{"rendered":"Regulamin subskrypcji newslettera"},"content":{"rendered":"<p>[vc_row][vc_column][vc_custom_heading text=&#8221;Regulamin subskrypcji newslettera&#8221; use_theme_fonts=&#8221;yes&#8221;][vc_column_text el_class=&#8221;details_blue&#8221;][\/vc_column_text][vc_column_text]Uprzejmie informujemy, \u017ce<\/p>\n<ul>\n<li>administratorem podanych w formularzu danych osobowych (dalej: Dane Osobowe) jest Narodowe Centrum Nauki z siedzib\u0105 w Krakowie przy ul. Twardowskiego 16, 30-312 Krak\u00f3w (dalej: Centrum),<\/li>\n<li>w razie potrzeby uzyskania informacji o swoich Danych Osobowych oraz realizacji innych praw w stosunku do danych osobowych, kt\u00f3re s\u0105 przetwarzane przez Narodowe Centrum Nauki nale\u017cy kontaktowa\u0107 si\u0119 z Inspektorem Ochrony Danych za pomoc\u0105 poczty elektronicznej (e-mail: <a href=\"mailto:iod@ncn.gov.pl\">iod@ncn.gov.pl<\/a>) lub bezpo\u015brednio w siedzibie administratora danych osobowych,<\/li>\n<li>podstaw\u0119 prawn\u0105 przetwarzania Danych Osobowych przez NCN stanowi art. 6 ust. 1 lit. a) Rozporz\u0105dzenia Parlamentu Europejskiego i Rady (UE) 2016\/679 z dnia 27 kwietnia 2016 r. w sprawie ochrony os\u00f3b fizycznych w zwi\u0105zku z przetwarzaniem danych osobowych i w sprawie swobodnego przep\u0142ywu takich danych oraz uchylenia dyrektywy 95\/46\/WE (og\u00f3lne rozporz\u0105dzenie o ochronie danych) (Dz. Urz. UE L 2016, Nr 119, s.1),<\/li>\n<li>podanie w formularzu Danych Osobowych jest dobrowolne, niemniej bez ich podania nie jest mo\u017cliwa realizacja us\u0142ugi \u201eNewsletter POLONEZ BIS\u201d,<\/li>\n<li>Centrum zbiera Dane Osobowe wy\u0142\u0105cznie w celu realizacji us\u0142ugi \u201eNewsletter POLONEZ BIS\u201d i przetwarza je a\u017c do czasu wycofania na to dzia\u0142anie zgody,<\/li>\n<li>Centrum mo\u017ce tak\u017ce wykorzysta\u0107 podany adres e-mail do skontaktowania si\u0119 z osob\u0105, kt\u00f3rej dane dotycz\u0105, w celach badawczych (np. oceny wp\u0142ywu, ankiety),<\/li>\n<li>osoba, kt\u00f3rej dane dotycz\u0105 ma prawo wycofania zgody na przetwarzanie swoich Danych Osobowych w dowolnym momencie bez wp\u0142ywu na zgodno\u015b\u0107 z prawem przetwarzania, kt\u00f3rego dokonano na podstawie zgody przed tym dzia\u0142aniem,<\/li>\n<li>osoba, kt\u00f3rej dane dotycz\u0105 ma prawo do uzyskania informacji o przetwarzaniu podanych w formularzu Danych Osobowych, ich poprawienia, przenoszenia, wyra\u017cenia sprzeciwu w stosunku do ich przetwarzania, ograniczenia przetwarzania b\u0105d\u017a usuni\u0119cia<\/li>\n<li>Centrum mo\u017ce powierzy\u0107 przetwarzanie Danych Osobowych innym podmiotom na podstawie um\u00f3w zawartych w oparciu o art. 28 Rozporz\u0105dzenia, w celu \u015bwiadczenia przez te podmioty us\u0142ug na rzecz Centrum, w szczeg\u00f3lno\u015bci w celu dystrybucji newslettera, przy czym podmioty takie zobowi\u0105zane s\u0105 do zachowania tych danych w tajemnicy nawet po wyga\u015bni\u0119ciu wi\u0105\u017c\u0105cego ich z Centrum stosunku prawnego,<\/li>\n<li>osoba, kt\u00f3rej dane dotycz\u0105 ma prawo wniesienia skargi do Prezesa Urz\u0119du Ochrony Danych Osobowych w przypadku gdy uzna, \u017ce przetwarzanie narusza przepisy og\u00f3lnego rozporz\u0105dzenia o ochronie danych.<\/li>\n<\/ul>\n<p>Wyra\u017cam zgod\u0119 na przetwarzanie moich danych osobowych przez Narodowe Centrum Nauki z siedzib\u0105 w Krakowie, przy ul. Twardowskiego 16, w celu korzystania z prowadzonej przez Narodowe Centrum Nauki us\u0142ugi \u201eNewsletter POLONEZ BIS\u201d. Zapozna\u0142em\/zapozna\u0142am si\u0119 z pouczeniem dotycz\u0105cym prawa dost\u0119pu do tre\u015bci moich danych i mo\u017cliwo\u015bci ich poprawiania. Jestem \u015bwiadom\/\u015bwiadoma, i\u017c moja zgoda mo\u017ce by\u0107 odwo\u0142ana w ka\u017cdym czasie, co skutkowa\u0107 b\u0119dzie usuni\u0119ciem moich danych z listy dystrybucyjnej us\u0142ugi \u201eNewsletter POLONEZ BIS\u201d.[\/vc_column_text][\/vc_column][\/vc_row][vc_row][vc_column][\/vc_column][\/vc_row]<\/p>\n","protected":false},"excerpt":{"rendered":"<p>[vc_row][vc_column][vc_custom_heading text=&#8221;Regulamin subskrypcji newslettera&#8221; use_theme_fonts=&#8221;yes&#8221;][vc_column_text el_class=&#8221;details_blue&#8221;][\/vc_column_text][vc_column_text]Uprzejmie informujemy, \u017ce administratorem podanych w formularzu danych osobowych (dalej: Dane Osobowe) jest Narodowe Centrum Nauki z siedzib\u0105 w Krakowie przy ul. Twardowskiego 16, 30-312 Krak\u00f3w (dalej: Centrum), w razie potrzeby uzyskania informacji o swoich Danych Osobowych oraz realizacji innych praw w stosunku do danych osobowych, kt\u00f3re s\u0105 przetwarzane przez [&hellip;]<\/p>\n","protected":false},"author":1,"featured_media":0,"parent":0,"menu_order":0,"comment_status":"closed","ping_status":"closed","template":"page-templates\/template-right-sidebar.php","meta":{"footnotes":""},"class_list":["post-858","page","type-page","status-publish","hentry"],"acf":[],"_links":{"self":[{"href":"https:\/\/polonezbis.eu\/pl\/wp-json\/wp\/v2\/pages\/858","targetHints":{"allow":["GET"]}}],"collection":[{"href":"https:\/\/polonezbis.eu\/pl\/wp-json\/wp\/v2\/pages"}],"about":[{"href":"https:\/\/polonezbis.eu\/pl\/wp-json\/wp\/v2\/types\/page"}],"author":[{"embeddable":true,"href":"https:\/\/polonezbis.eu\/pl\/wp-json\/wp\/v2\/users\/1"}],"replies":[{"embeddable":true,"href":"https:\/\/polonezbis.eu\/pl\/wp-json\/wp\/v2\/comments?post=858"}],"version-history":[{"count":13,"href":"https:\/\/polonezbis.eu\/pl\/wp-json\/wp\/v2\/pages\/858\/revisions"}],"predecessor-version":[{"id":1658,"href":"https:\/\/polonezbis.eu\/pl\/wp-json\/wp\/v2\/pages\/858\/revisions\/1658"}],"wp:attachment":[{"href":"https:\/\/polonezbis.eu\/pl\/wp-json\/wp\/v2\/media?parent=858"}],"curies":[{"name":"wp","href":"https:\/\/api.w.org\/{rel}","templated":true}]}}