{"id":759,"date":"2021-01-12T11:58:25","date_gmt":"2021-01-12T11:58:25","guid":{"rendered":"https:\/\/polonezbis.eu\/?page_id=759"},"modified":"2021-03-26T14:39:19","modified_gmt":"2021-03-26T14:39:19","slug":"deklaracja-dostepnosci","status":"publish","type":"page","link":"https:\/\/polonezbis.eu\/pl\/deklaracja-dostepnosci\/","title":{"rendered":"Dost\u0119pno\u015b\u0107"},"content":{"rendered":"<p>[vc_row][vc_column][vc_column_text]<\/p>\n<h2>Deklaracja dost\u0119pno\u015bci strony internetowej<\/h2>\n<p>Narodowe Centrum Nauki zapewnia dost\u0119pno\u015b\u0107 swojej strony internetowej zgodnie z przepisami ustawy z dnia 4 kwietnia 2019 r. o dost\u0119pno\u015bci cyfrowej stron internetowych i aplikacji mobilnych podmiot\u00f3w publicznych. O\u015bwiadczenie w sprawie dost\u0119pno\u015bci ma zastosowanie do <a href=\"https:\/\/polonezbis.eu\/\">strony internetowej Polonez BIS<\/a>.<\/p>\n<hr \/>\n<p>Data publikacji strony internetowej: 01.03.2021<\/p>\n<p>&nbsp;<\/p>\n<p>Data ostatniej du\u017cej aktualizacji: 01.03.2021<\/p>\n<hr \/>\n<p>Niniejsza strona internetowa jest zgodna z wymogami WCAG 2.1 i cz\u0119\u015bciowo zgodna z ustaw\u0105 o dost\u0119pno\u015bci cyfrowej stron internetowych i aplikacji mobilnych podmiot\u00f3w publicznych z powod\u00f3w wymienionych poni\u017cej.<\/p>\n<p>&nbsp;<\/p>\n<p>Na stronie internetowej mog\u0105 znajdowa\u0107 si\u0119 multimedia, kt\u00f3re nie spe\u0142niaj\u0105 wymaga\u0144 dost\u0119pno\u015bci: materia\u0142y wideo bez udogodnie\u0144 dla os\u00f3b nies\u0142ysz\u0105cych i niewidz\u0105cych oraz zdj\u0119cia i inne materia\u0142y graficzne bez wprowadzonego opisu lub opisu alternatywnego.<\/p>\n<p>&nbsp;<\/p>\n<p>B\u0142\u0119dy te s\u0105 sukcesywnie uzupe\u0142niane przez redakcj\u0119 portalu. Strona nie przesz\u0142a r\u00f3wnie\u017c jeszcze audytu zgodno\u015bci z wymogami WCAG, na dzie\u0144 publikacji o\u015bwiadczenia deklaracja oparta jest na dokumentacji wykonawcy strony.<\/p>\n<p>&nbsp;<\/p>\n<p>Niniejsze o\u015bwiadczenie sporz\u0105dzono dnia 12.01.2021 r. Deklaracja powsta\u0142a na podstawie samooceny przeprowadzonej w Polonez BIS.<\/p>\n<p>&nbsp;<\/p>\n<p>Na stronie internetowej mo\u017cna korzysta\u0107 ze standardowych skr\u00f3t\u00f3w klawiaturowych.<\/p>\n<hr \/>\n<p>W przypadku problem\u00f3w z dost\u0119pno\u015bci\u0105 strony internetowej prosimy o kontakt<a href=\"polonez@ncn.gov.pl\">polonez@ncn.gov.pl<\/a>. T\u0105 sam\u0105 drog\u0105 mo\u017cna sk\u0142ada\u0107 wnioski o udost\u0119pnienie informacji niedost\u0119pnej oraz sk\u0142ada\u0107 skargi na brak zapewnienia dost\u0119pno\u015bci.<\/p>\n<p>&nbsp;<\/p>\n<p>Ka\u017cdy ma prawo do wyst\u0105pienia z \u017c\u0105daniem zapewnienia dost\u0119pno\u015bci cyfrowej strony internetowej, aplikacji mobilnej lub jakiego\u015b ich elementu. Mo\u017cna tak\u017ce za\u017c\u0105da\u0107 udost\u0119pnienia informacji w formach alternatywnych, na przyk\u0142ad odczytanie niedost\u0119pnego cyfrowo dokumentu, opisania zawarto\u015bci filmu bez audi deskrypcji itp. \u017b\u0105danie powinno zawiera\u0107 dane osoby zg\u0142aszaj\u0105cej \u017c\u0105danie, wskazanie, o kt\u00f3r\u0105 stron\u0119 internetow\u0105 lub aplikacj\u0119 mobiln\u0105 chodzi oraz spos\u00f3b kontaktu. Je\u017celi osoba \u017c\u0105daj\u0105ca zg\u0142asza potrzeb\u0119 otrzymania informacji w formie alternatywnej, powinna tak\u017ce okre\u015bli\u0107 form\u0119 tej informacji.<\/p>\n<p>&nbsp;<\/p>\n<p>Podmiot publiczny powinien zrealizowa\u0107 \u017c\u0105danie niezw\u0142ocznie i nie p\u00f3\u017aniej, ni\u017c w ci\u0105gu 7 dni. Je\u017celi dotrzymanie tego terminu nie jest mo\u017cliwe, podmiot publiczny niezw\u0142ocznie informuje o tym, kiedy realizacja \u017c\u0105dania b\u0119dzie mo\u017cliwa, przy czym termin ten nie mo\u017ce by\u0107 d\u0142u\u017cszy ni\u017c 2 miesi\u0105ce. Je\u017celi zapewnienie dost\u0119pno\u015bci nie jest mo\u017cliwe, podmiot publiczny mo\u017ce zaproponowa\u0107 alternatywny spos\u00f3b dost\u0119pu do informacji.<\/p>\n<p>&nbsp;<\/p>\n<p>W przypadku, gdy podmiot odm\u00f3wi realizacji \u017c\u0105dania zapewnienia dost\u0119pno\u015bci lub alternatywnego dost\u0119pu do informacji, mo\u017cna z\u0142o\u017cy\u0107 skarg\u0119 na takie dzia\u0142anie.<\/p>\n<p>Po wyczerpaniu wszystkich mo\u017cliwo\u015bci skarg\u0119 mo\u017cna przes\u0142a\u0107 tak\u017ce\u00a0<a href=\"https:\/\/www.rpo.gov.pl\/content\/jak-zglosic-sie-do-rzecznika-praw-obywatelskich\" target=\"_blank\" rel=\"noopener\">do Rzecznika Praw Obywatelskich<\/a>.<\/p>\n<p>&nbsp;<\/p>\n<p><strong>Dost\u0119pno\u015b\u0107 architektoniczna<\/strong><br \/>\nSiedziba Narodowego Centrum Nauki ul. Twardowskiego 16, 30-312 Krak\u00f3w (wej\u015bcie od strony ul. Bu\u0142haka)<\/p>\n<ul>\n<li class=\"\">Obiekt posiada poziom posadzki r\u00f3wny poziomowi wej\u015bcia. Wszystkie wej\u015bcia do budynku s\u0105 bezprogowe. Kontrola wej\u015bcia do obiektu przebiega na poziomie parteru, gdzie znajduje si\u0119 stanowisko pracownika ochrony.<\/li>\n<li class=\"\">Budynek wyposa\u017cony jest w obszerne kabiny windowe obs\u0142uguj\u0105ce wszystkie kondygnacje budynku, co zapewnia dost\u0119p osobom niepe\u0142nosprawnym do wszystkich pomieszcze\u0144.<\/li>\n<li class=\"\">Miejsca parkingowe dla os\u00f3b niepe\u0142nosprawnych s\u0105 wyznaczone i oznakowane.<\/li>\n<li class=\"\">Przepisy wewn\u0119trzne dopuszczaj\u0105 wst\u0119p na teren obiektu z psem asystuj\u0105cym.<\/li>\n<li class=\"\">Na terenie obiektu oraz online nie ma mo\u017cliwo\u015bci skorzystania z t\u0142umacza j\u0119zyka migowego.<\/li>\n<\/ul>\n<p>[\/vc_column_text][\/vc_column][\/vc_row]<\/p>\n","protected":false},"excerpt":{"rendered":"<p>[vc_row][vc_column][vc_column_text] Deklaracja dost\u0119pno\u015bci strony internetowej Narodowe Centrum Nauki zapewnia dost\u0119pno\u015b\u0107 swojej strony internetowej zgodnie z przepisami ustawy z dnia 4 kwietnia 2019 r. o dost\u0119pno\u015bci cyfrowej stron internetowych i aplikacji mobilnych podmiot\u00f3w publicznych. O\u015bwiadczenie w sprawie dost\u0119pno\u015bci ma zastosowanie do strony internetowej Polonez BIS. Data publikacji strony internetowej: 01.03.2021 &nbsp; Data ostatniej du\u017cej aktualizacji: 01.03.2021 [&hellip;]<\/p>\n","protected":false},"author":1,"featured_media":0,"parent":0,"menu_order":0,"comment_status":"closed","ping_status":"closed","template":"","meta":{"footnotes":""},"class_list":["post-759","page","type-page","status-publish","hentry"],"acf":[],"_links":{"self":[{"href":"https:\/\/polonezbis.eu\/pl\/wp-json\/wp\/v2\/pages\/759","targetHints":{"allow":["GET"]}}],"collection":[{"href":"https:\/\/polonezbis.eu\/pl\/wp-json\/wp\/v2\/pages"}],"about":[{"href":"https:\/\/polonezbis.eu\/pl\/wp-json\/wp\/v2\/types\/page"}],"author":[{"embeddable":true,"href":"https:\/\/polonezbis.eu\/pl\/wp-json\/wp\/v2\/users\/1"}],"replies":[{"embeddable":true,"href":"https:\/\/polonezbis.eu\/pl\/wp-json\/wp\/v2\/comments?post=759"}],"version-history":[{"count":11,"href":"https:\/\/polonezbis.eu\/pl\/wp-json\/wp\/v2\/pages\/759\/revisions"}],"predecessor-version":[{"id":1821,"href":"https:\/\/polonezbis.eu\/pl\/wp-json\/wp\/v2\/pages\/759\/revisions\/1821"}],"wp:attachment":[{"href":"https:\/\/polonezbis.eu\/pl\/wp-json\/wp\/v2\/media?parent=759"}],"curies":[{"name":"wp","href":"https:\/\/api.w.org\/{rel}","templated":true}]}}