{"id":594,"date":"2021-01-09T09:19:25","date_gmt":"2021-01-09T09:19:25","guid":{"rendered":"https:\/\/polonezbis.eu\/projektowanie\/"},"modified":"2023-06-02T16:56:31","modified_gmt":"2023-06-02T16:56:31","slug":"projekty","status":"publish","type":"page","link":"https:\/\/polonezbis.eu\/pl\/projekty\/","title":{"rendered":"Projekty"},"content":{"rendered":"<p>[vc_row][vc_column][vc_custom_heading text=&#8221;Projekty&#8221; use_theme_fonts=&#8221;yes&#8221;][\/vc_column][\/vc_row][vc_row][vc_column el_class=&#8221;details_blue&#8221;][vc_raw_html][\/vc_raw_html][\/vc_column][\/vc_row][vc_row disable_element=&#8221;yes&#8221;][vc_column]\t\t\t\r\n\t\t\t\t<div class=\"project_form\">\r\n\t\t\t\t\t<div class=\"row article_nopadding\">\r\n\t\t\t\t\t\t<div class=\"col-lg-3 col-md-3 col-sm-6\">\r\n\t\t\t\t\t\t\t<div class=\"mb-3\">\r\n\t\t\t\t\t\t\t\t<label for=\"searchWord\" class=\"form-label\">Szukaj<\/label>\r\n\t\t\t\t\t\t\t\t<input type=\"text\" class=\"form-control\" name=\"searchword\" id=\"searchWord\" placeholder=\"Write\">\r\n\t\t\t\t\t\t\t<\/div>\r\n\t\t\t\t\t\t<\/div>\r\n\t\t\t\t\t\t\r\n\t\t\t\t\t\t<div class=\"col-lg-3 col-md-3 col-sm-6\">\r\n\t\t\t\t\t\t\t<div class=\"mb-3\">\r\n\t\t\t\t\t\t\t\t<label for=\"researchField\" class=\"form-label\">Research field<\/label>\r\n\t\t\t\t\t\t\t\t\r\n\t\t\t\t\t\t\t\t<select id=\"researchField\" name=\"reserach\" class=\"selectpicker show-tick form-control\">\r\n\t\t\t\t\t\t\t\t\r\n\t\t\t\t\t\t\t\t\t<option value=\"\">Wszystko<\/option><option value=\"74\">HS \u2013 Arts Humanities and Social Sciences<\/option><option value=\"77\">NZ \u2013 Life Sciences<\/option><option value=\"68\">ST \u2013 Physical Sciences and Engineering<\/option><\/select>\r\n\t\t\t\t\t\t\t\t\r\n\t\t\t\t\t\t\t<\/div>\r\n\t\t\t\t\t\t<\/div>\r\n\t\t\t\t\t\t<div class=\"col-lg-3 col-md-3 col-sm-6\">\r\n\t\t\t\t\t\t\t<div class=\"mb-3\">\r\n\t\t\t\t\t\t\t\t<label for=\"keywordTag\" class=\"form-label\">Keywords<\/label>\r\n\t\t\t\t\t\t\t\t<input type=\"text\" name=\"keywordTag\" class=\"form-control\" id=\"keywordTag\" placeholder=\"Write\">\r\n\t\t\t\t\t\t\t<\/div>\r\n\t\t\t\t\t\t<\/div>\r\n\t\t\t\t\t\t<div class=\"col-lg-3 col-md-3 col-sm-6\">\r\n\t\t\t\t\t\t\t<div class=\"mb-3\">\r\n\t\t\t\t\t\t\t\t<label for=\"institution\" class=\"form-label\">Institution<\/label>\r\n\t\t\t\t\t\t\t\t<select name=\"institution\" class=\"selectpicker show-tick form-control\" id=\"institution\">\r\n\t\t\t\t\t\t\t\t\t<option value=\"\">Wszystko<\/option>\t<option value=\"71\">Adam Mickiewicz University in Pozna\u0144<\/option><option value=\"107\">AGH University of Science and Technology<\/option><option value=\"91\">Center for Theoretical Physics PAS<\/option><option value=\"102\">Collegium Medicum Jagiellonian University<\/option><option value=\"69\">Cracow University of Technology<\/option><option value=\"93\">Institute of Mediterranean and Oriental Cultures PAS<\/option><option value=\"82\">Institute of Physics PAS<\/option><option value=\"104\">Institute of Slavic Studies<\/option><option value=\"106\">Institute of Slavic Studies PAS<\/option><option value=\"79\">Jagiellonian University<\/option><option value=\"101\">Kazimierz Wielki University of Bydgoszcz<\/option><option value=\"86\">Maria Curie-Sk\u0142odowska University<\/option><option value=\"83\">Military University of Technology<\/option><option value=\"92\">Museum and Institute of Zoology of PAS<\/option><option value=\"99\">National Centre for Nuclear Research<\/option><option value=\"95\">Nicolaus Copernicus University in Toru\u0144<\/option><option value=\"105\">Polish Academy of Sciences<\/option><option value=\"96\">Poznan University of Technology<\/option><option value=\"78\">SWPS University of Social Sciences and Humanities<\/option><option value=\"100\">Tadeusz Ko\u015bciuszko Cracow University of Technology<\/option><option value=\"109\">The International Institute of Molecular Mechanisms and Machines Polish Academy of Sciences<\/option><option value=\"98\">The \u0141UKASIEWICZ Research Network - Institute of Microelectronics and Photonics<\/option><option value=\"85\">The Silesian University of Technology<\/option><option value=\"110\">University of Agriculture in Krakow<\/option><option value=\"66\">University of Gda\u0144sk<\/option><option value=\"84\">University of Silesia<\/option><option value=\"87\">University of Warsaw<\/option><option value=\"80\">University of Wroc\u0142aw<\/option><option value=\"97\">West Pomeranian University of Technology in Szczecin<\/option><option value=\"94\">Wroc\u0142aw University of Environmental and Life Sciences<\/option><option value=\"108\">Wroc\u0142aw University of Science and Technology<\/option><\/select>\r\n\t\t\t\t\t\t\t<\/div>\r\n\t\t\t\t\t\t<\/div>\r\n\r\n\t\t\t\t\t\t<div class=\"col-md-12\">\r\n\t\t\t\t\t\t\t<div class=\"mb-3\">\r\n\t\t\t\t\t\t\t\t<button id=\"searchProject\" class=\"btn_search right\" type=\"button\">SEARCH<\/button>\r\n\t\t\t\t\t\t\t<\/div>\r\n\t\t\t\t\t\t<\/div>\r\n\t\t\t\t\t<\/div>\r\n\t\t\t\t<\/div>\r\n\t\r\n\t\t\t\t<div class=\"\">\r\n\t\t\t\t<div class=\"desktopListing\"><div class=\"load_more_post projects row\">\r\n\t\t\t\t\t\t\t<div class=\"col-lg-4 col-md-6 col-sm-6 pro_sec\">\r\n\t\t\t\t\t\t\t\t<a  href=\"https:\/\/polonezbis.eu\/pl\/projects\/lorem-ipsum-projekt-3\/\" title=\"LOREM IPSUM Projekt 3\" class=\"newssec\">\r\n\t\t\t\t\t\t\t\t\t<div class=\"articles_box\">\r\n\t\t\t\t\t\t\t\t\t\t<div class=\"articles_box_img\"><img decoding=\"async\" src=\"https:\/\/polonezbis.eu\/wp-content\/uploads\/2020\/12\/img1.jpg\" style=\"width:100%\" class=\"art_img\" alt=\"\"><\/div>\r\n\t\t\t\t\t\t\t\t\t\t<div class=\"articles_box_text\">\r\n\r\n\t\t\t\t\t\t\t\t\t\t\t<h3>LOREM IPSUM Projekt 3<\/h3>\r\n\t\t\t\t\t\t\t\t\t\t\tLorem ipsum dolor sit amet, consetetur sadipscing elitr, sed diam nonumy eirmod tempor invidunt ut labore et dolore magna... \r\n\r\n\t\t\t\t\t\t\t\t\t\t\t<div class=\"article_info mt-3\"><\/div>\r\n\r\n\t\t\t\t\t\t\t\t\t\t\t\r\n\t\t\t\t\t\t\t\t\t\t<\/div> \r\n\t\t\t\t\t\t\t\t\t\t<div class=\"articles_box_date\">\r\n\t\t\t\t\t\t\t\t\t\t\t\t<div class=\"date\">11.01.2021<\/div>\r\n\t\t\t\t\t\t\t\t\t\t\t\t<div class=\"arrow\"><i class=\"fas fa-arrow-right\"><\/i><\/div>\r\n\t\t\t\t\t\t\t\t\t\t\t\r\n\t\t\t\t\t\t\t\t\t\t\t<div class=\"clearfix\"><\/div>\r\n\t\t\t\t\t\t\t\t\t\t<\/div>\r\n\r\n\t\t\t\t\t\t\t\t\t\t<div class=\"clearfix\"><\/div>\r\n\t\t\t\t\t\t\t\t\t<\/div>\r\n\t\t\t\t\t\t\t\t<\/a>\r\n\t\t\t\t\t\t\t<\/div>\r\n\t\t\t\t\t\t\t<div class=\"col-lg-4 col-md-6 col-sm-6 pro_sec\">\r\n\t\t\t\t\t\t\t\t<a  href=\"https:\/\/polonezbis.eu\/pl\/projects\/lorem-ipsum-projekt-2\/\" title=\"LOREM IPSUM Projekt 2\" class=\"newssec\">\r\n\t\t\t\t\t\t\t\t\t<div class=\"articles_box\">\r\n\t\t\t\t\t\t\t\t\t\t<div class=\"articles_box_img\"><img decoding=\"async\" src=\"https:\/\/polonezbis.eu\/wp-content\/uploads\/2020\/12\/img1.jpg\" style=\"width:100%\" class=\"art_img\" alt=\"\"><\/div>\r\n\t\t\t\t\t\t\t\t\t\t<div class=\"articles_box_text\">\r\n\r\n\t\t\t\t\t\t\t\t\t\t\t<h3>LOREM IPSUM Projekt 2<\/h3>\r\n\t\t\t\t\t\t\t\t\t\t\tLorem ipsum dolor sit amet, consetetur sadipscing elitr, sed diam nonumy eirmod tempor invidunt ut labore et dolore magna... \r\n\r\n\t\t\t\t\t\t\t\t\t\t\t<div class=\"article_info mt-3\"><\/div>\r\n\r\n\t\t\t\t\t\t\t\t\t\t\t\r\n\t\t\t\t\t\t\t\t\t\t<\/div> \r\n\t\t\t\t\t\t\t\t\t\t<div class=\"articles_box_date\">\r\n\t\t\t\t\t\t\t\t\t\t\t\t<div class=\"date\">11.01.2021<\/div>\r\n\t\t\t\t\t\t\t\t\t\t\t\t<div class=\"arrow\"><i class=\"fas fa-arrow-right\"><\/i><\/div>\r\n\t\t\t\t\t\t\t\t\t\t\t\r\n\t\t\t\t\t\t\t\t\t\t\t<div class=\"clearfix\"><\/div>\r\n\t\t\t\t\t\t\t\t\t\t<\/div>\r\n\r\n\t\t\t\t\t\t\t\t\t\t<div class=\"clearfix\"><\/div>\r\n\t\t\t\t\t\t\t\t\t<\/div>\r\n\t\t\t\t\t\t\t\t<\/a>\r\n\t\t\t\t\t\t\t<\/div>\r\n\t\t\t\t\t\t\t<div class=\"col-lg-4 col-md-6 col-sm-6 pro_sec\">\r\n\t\t\t\t\t\t\t\t<a  href=\"https:\/\/polonezbis.eu\/pl\/projects\/lorem-ipsum-projekt-1\/\" title=\"LOREM IPSUM Projekt 1\" class=\"newssec\">\r\n\t\t\t\t\t\t\t\t\t<div class=\"articles_box\">\r\n\t\t\t\t\t\t\t\t\t\t<div class=\"articles_box_img\"><img decoding=\"async\" src=\"https:\/\/polonezbis.eu\/wp-content\/uploads\/2020\/12\/img1.jpg\" style=\"width:100%\" class=\"art_img\" alt=\"\"><\/div>\r\n\t\t\t\t\t\t\t\t\t\t<div class=\"articles_box_text\">\r\n\r\n\t\t\t\t\t\t\t\t\t\t\t<h3>LOREM IPSUM Projekt 1<\/h3>\r\n\t\t\t\t\t\t\t\t\t\t\tLorem ipsum dolor sit amet, consetetur sadipscing elitr, sed diam nonumy eirmod tempor invidunt ut labore et dolore magna... \r\n\r\n\t\t\t\t\t\t\t\t\t\t\t<div class=\"article_info mt-3\"><\/div>\r\n\r\n\t\t\t\t\t\t\t\t\t\t\t\r\n\t\t\t\t\t\t\t\t\t\t<\/div> \r\n\t\t\t\t\t\t\t\t\t\t<div class=\"articles_box_date\">\r\n\t\t\t\t\t\t\t\t\t\t\t\t<div class=\"date\">11.01.2021<\/div>\r\n\t\t\t\t\t\t\t\t\t\t\t\t<div class=\"arrow\"><i class=\"fas fa-arrow-right\"><\/i><\/div>\r\n\t\t\t\t\t\t\t\t\t\t\t\r\n\t\t\t\t\t\t\t\t\t\t\t<div class=\"clearfix\"><\/div>\r\n\t\t\t\t\t\t\t\t\t\t<\/div>\r\n\r\n\t\t\t\t\t\t\t\t\t\t<div class=\"clearfix\"><\/div>\r\n\t\t\t\t\t\t\t\t\t<\/div>\r\n\t\t\t\t\t\t\t\t<\/a>\r\n\t\t\t\t\t\t\t<\/div><\/div><div class=\"clearfix\"><\/div>\r\n\t\t\t\t<div class=\"load_more\">\r\n\t\t\t\t<button class=\"load_more_btn loadmore\" type=\"button\">Za\u0142aduj wi\u0119cej<\/button>\r\n\t\t\t\t<\/div><input type=\"hidden\" id=\"art_page\" value=\"1\">\r\n\t\t<input type=\"hidden\" id=\"art_count\" value=\"6\">\r\n\t\t<input type=\"hidden\" id=\"totalPages\" value=\"1\">\r\n\t\t<input type=\"hidden\" id=\"postType\" value=\"projects\"><\/div><\/div><div class=\"mobileListing projectsliderMob load_more_post_mob\">\r\n\t\t\t <div class=\"owl-slider projects\">\r\n\t\t\t <div id=\"projectsliderMob\" class=\"projectSlider\">\r\n\t\t\t<div class=\"item\">\r\n\t\t\t<a  href=\"https:\/\/polonezbis.eu\/pl\/projects\/lorem-ipsum-projekt-3\/\" title=\"LOREM IPSUM Projekt 3\" class=\"newssec\">\r\n\t\t\t<div class=\"articles_box\">\r\n\t\t\t\t<div class=\"articles_box_img\"><img decoding=\"async\" src=\"https:\/\/polonezbis.eu\/wp-content\/uploads\/2020\/12\/img1.jpg\" style=\"width:100%\" class=\"art_img\" alt=\"\"><\/div>\r\n\t\t\t\t<div class=\"articles_box_text\">\r\n\r\n\t\t\t\t\t<h3>LOREM IPSUM Projekt 3<\/h3>\r\n\t\t\t\t\tLorem ipsum dolor sit amet, consetetur sadipscing elitr, sed diam nonumy eirmod tempor invidunt ut labore et dolore magna... \r\n\r\n\t\t\t\t\t<div class=\"article_info mt-3\"><\/div>\r\n\r\n\t\t\t\t\t\r\n\t\t\t\t<\/div> \r\n\t\t\t\t<div class=\"articles_box_date\">\r\n\t\t\t\t\t\t<div class=\"date\">11.01.2021<\/div>\r\n\t\t\t\t\t\t<div class=\"arrow\"><i class=\"fas fa-arrow-right\"><\/i><\/div>\r\n\t\t\t\t\t\r\n\t\t\t\t\t<div class=\"clearfix\"><\/div>\r\n\t\t\t\t<\/div>\r\n\r\n\t\t\t\t<div class=\"clearfix\"><\/div>\r\n\t\t\t<\/div>\r\n\t\t\t<\/a>\r\n\t\t\t\t\r\n\t\t\t<\/div>\r\n\t\t\t<div class=\"item\">\r\n\t\t\t<a  href=\"https:\/\/polonezbis.eu\/pl\/projects\/lorem-ipsum-projekt-2\/\" title=\"LOREM IPSUM Projekt 2\" class=\"newssec\">\r\n\t\t\t<div class=\"articles_box\">\r\n\t\t\t\t<div class=\"articles_box_img\"><img decoding=\"async\" src=\"https:\/\/polonezbis.eu\/wp-content\/uploads\/2020\/12\/img1.jpg\" style=\"width:100%\" class=\"art_img\" alt=\"\"><\/div>\r\n\t\t\t\t<div class=\"articles_box_text\">\r\n\r\n\t\t\t\t\t<h3>LOREM IPSUM Projekt 2<\/h3>\r\n\t\t\t\t\tLorem ipsum dolor sit amet, consetetur sadipscing elitr, sed diam nonumy eirmod tempor invidunt ut labore et dolore magna... \r\n\r\n\t\t\t\t\t<div class=\"article_info mt-3\"><\/div>\r\n\r\n\t\t\t\t\t\r\n\t\t\t\t<\/div> \r\n\t\t\t\t<div class=\"articles_box_date\">\r\n\t\t\t\t\t\t<div class=\"date\">11.01.2021<\/div>\r\n\t\t\t\t\t\t<div class=\"arrow\"><i class=\"fas fa-arrow-right\"><\/i><\/div>\r\n\t\t\t\t\t\r\n\t\t\t\t\t<div class=\"clearfix\"><\/div>\r\n\t\t\t\t<\/div>\r\n\r\n\t\t\t\t<div class=\"clearfix\"><\/div>\r\n\t\t\t<\/div>\r\n\t\t\t<\/a>\r\n\t\t\t\t\r\n\t\t\t<\/div>\r\n\t\t\t<div class=\"item\">\r\n\t\t\t<a  href=\"https:\/\/polonezbis.eu\/pl\/projects\/lorem-ipsum-projekt-1\/\" title=\"LOREM IPSUM Projekt 1\" class=\"newssec\">\r\n\t\t\t<div class=\"articles_box\">\r\n\t\t\t\t<div class=\"articles_box_img\"><img decoding=\"async\" src=\"https:\/\/polonezbis.eu\/wp-content\/uploads\/2020\/12\/img1.jpg\" style=\"width:100%\" class=\"art_img\" alt=\"\"><\/div>\r\n\t\t\t\t<div class=\"articles_box_text\">\r\n\r\n\t\t\t\t\t<h3>LOREM IPSUM Projekt 1<\/h3>\r\n\t\t\t\t\tLorem ipsum dolor sit amet, consetetur sadipscing elitr, sed diam nonumy eirmod tempor invidunt ut labore et dolore magna... \r\n\r\n\t\t\t\t\t<div class=\"article_info mt-3\"><\/div>\r\n\r\n\t\t\t\t\t\r\n\t\t\t\t<\/div> \r\n\t\t\t\t<div class=\"articles_box_date\">\r\n\t\t\t\t\t\t<div class=\"date\">11.01.2021<\/div>\r\n\t\t\t\t\t\t<div class=\"arrow\"><i class=\"fas fa-arrow-right\"><\/i><\/div>\r\n\t\t\t\t\t\r\n\t\t\t\t\t<div class=\"clearfix\"><\/div>\r\n\t\t\t\t<\/div>\r\n\r\n\t\t\t\t<div class=\"clearfix\"><\/div>\r\n\t\t\t<\/div>\r\n\t\t\t<\/a>\r\n\t\t\t\t\r\n\t\t\t<\/div><\/div><\/div><\/div>\r\n\t\t\t\r\n\t\t\t\r\n\t\t\t[\/vc_column][\/vc_row][vc_row][vc_column][vc_column_text]<\/p>\n<h3>Opisy projekt\u00f3w s\u0105 dost\u0119pne wy\u0142\u0105cznie w j\u0119zyku angielskim.<\/h3>\n<p>[\/vc_column_text][\/vc_column][\/vc_row]<\/p>\n","protected":false},"excerpt":{"rendered":"<p>[vc_row][vc_column][vc_custom_heading text=&#8221;Projekty&#8221; use_theme_fonts=&#8221;yes&#8221;][\/vc_column][\/vc_row][vc_row][vc_column el_class=&#8221;details_blue&#8221;][vc_raw_html][\/vc_raw_html][\/vc_column][\/vc_row][vc_row disable_element=&#8221;yes&#8221;][vc_column][\/vc_column][\/vc_row][vc_row][vc_column][vc_column_text] Opisy projekt\u00f3w s\u0105 dost\u0119pne wy\u0142\u0105cznie w j\u0119zyku angielskim. [\/vc_column_text][\/vc_column][\/vc_row]<\/p>\n","protected":false},"author":1,"featured_media":0,"parent":0,"menu_order":0,"comment_status":"closed","ping_status":"closed","template":"page-templates\/template-projects.php","meta":{"footnotes":""},"class_list":["post-594","page","type-page","status-publish","hentry"],"acf":[],"_links":{"self":[{"href":"https:\/\/polonezbis.eu\/pl\/wp-json\/wp\/v2\/pages\/594","targetHints":{"allow":["GET"]}}],"collection":[{"href":"https:\/\/polonezbis.eu\/pl\/wp-json\/wp\/v2\/pages"}],"about":[{"href":"https:\/\/polonezbis.eu\/pl\/wp-json\/wp\/v2\/types\/page"}],"author":[{"embeddable":true,"href":"https:\/\/polonezbis.eu\/pl\/wp-json\/wp\/v2\/users\/1"}],"replies":[{"embeddable":true,"href":"https:\/\/polonezbis.eu\/pl\/wp-json\/wp\/v2\/comments?post=594"}],"version-history":[{"count":15,"href":"https:\/\/polonezbis.eu\/pl\/wp-json\/wp\/v2\/pages\/594\/revisions"}],"predecessor-version":[{"id":5257,"href":"https:\/\/polonezbis.eu\/pl\/wp-json\/wp\/v2\/pages\/594\/revisions\/5257"}],"wp:attachment":[{"href":"https:\/\/polonezbis.eu\/pl\/wp-json\/wp\/v2\/media?parent=594"}],"curies":[{"name":"wp","href":"https:\/\/api.w.org\/{rel}","templated":true}]}}