{"id":582,"date":"2021-01-09T09:16:48","date_gmt":"2021-01-09T09:16:48","guid":{"rendered":"https:\/\/polonezbis.eu\/programme\/"},"modified":"2024-03-05T14:12:09","modified_gmt":"2024-03-05T14:12:09","slug":"program","status":"publish","type":"page","link":"https:\/\/polonezbis.eu\/pl\/program\/","title":{"rendered":"Program"},"content":{"rendered":"<p>[vc_row][vc_column][vc_custom_heading text=&#8221;Program&#8221; use_theme_fonts=&#8221;yes&#8221;][vc_column_text el_class=&#8221;details_blue&#8221;]<em>Konkursy, zaplanowane w programie POLONEZ BIS, zosta\u0142y rozstrzygni\u0119te. Kolejne nabory nie s\u0105 na razie planowane.<\/em><\/p>\n<p>Program POLONEZ BIS jest wsp\u00f3\u0142finansowany przez Komisj\u0119 Europejsk\u0105 i Narodowe Centrum Nauki w ramach grantu Marie Sk\u0142odowska-Curie COFUND. W trzech konkursach, og\u0142oszonych w 2021 i 2022 roku, zrekrutowanych zosta\u0142o 133 do\u015bwiadczonych naukowc\u00f3w z ca\u0142ego \u015bwiata. Do Polski przyjechali na 24 miesi\u0105ce, aby prowadzi\u0107 badania podstawowe w instytucjach publicznych lub prywatnych. Program uzupe\u0142nia cykl atrakcyjnych szkole\u0144 oraz wsp\u00f3\u0142praca ze startupami i organizacjami pozarz\u0105dowymi w ramach sta\u017cy mi\u0119dzysektorowych.[\/vc_column_text][vc_column_text]POLONEZ BIS jest skierowany do naukowc\u00f3w zainteresowanych rozwojem w \u015brodowisku najlepszych instytucji naukowych w Polsce. Program jest otwarty dla wszystkich kandydat\u00f3w niezale\u017cnie od reprezentowanej dyscypliny naukowej, narodowo\u015bci, wieku oraz p\u0142ci. Laureaci wybrani w transparentny, bezstronny i rzetelny spos\u00f3b, w dwuetapowej procedurze prowadzonej przez krajowych i mi\u0119dzynarodowych ekspert\u00f3w, sami wybior\u0105 instytucj\u0119 przyjmuj\u0105c\u0105, w kt\u00f3rej poprowadz\u0105 swoje projekty, a tak\u017ce b\u0119d\u0105 mieli okazj\u0119 stworzy\u0107 w\u0142asne plany rozwoju zawodowego.[\/vc_column_text][vc_column_text el_class=&#8221;details_blue&#8221;]Program oferuje bardzo atrakcyjne warunki zatrudnienia, w tym wynagrodzenie (53,5 tys. euro rocznie brutto), grant badawczy (do 100 tys. euro) oraz kompleksowy program szkoleniowy, kt\u00f3ry podniesie nie tylko umiej\u0119tno\u015bci naukowe, ale tak\u017ce kompetencje mi\u0119kkie.[\/vc_column_text][vc_column_text]Realizacj\u0119 programu wespr\u0105 4 instytucje partnerskie:<\/p>\n<ul>\n<li>firma <strong>CRAC\/Vitae<\/strong> z siedzib\u0105 w Cambridge, UK, pomo\u017ce laureatom w\u0142a\u015bciwie zaplanowa\u0107 dalszy rozw\u00f3j kariery naukowej,<\/li>\n<li><strong>Fundacj\u0105 Kobiety Nauki \u2013 Polska Sie\u0107 Kobiet Nauki<\/strong>, podzieli si\u0119 wiedz\u0105 eksperck\u0105 w zakresie Responsible Research and Innovation oraz zapewni promocj\u0119 osi\u0105gni\u0119\u0107 laureat\u00f3w,<\/li>\n<li><strong>Fundacj\u0105 Startup HUB Poland<\/strong>, zadba o rozw\u00f3j wsp\u00f3\u0142pracy naukowc\u00f3w z biznesem,<\/li>\n<li><strong>Interdyscyplinarnym Centrum Modelowania Matematycznego i Komputerowego UW<\/strong>, doradzi laureatom, jak w praktyce realizowa\u0107 za\u0142o\u017cenia polityki otwartego dost\u0119pu do publikacji naukowych (Open Access).<\/li>\n<\/ul>\n<h3><strong>Instytucje przyjmuj\u0105ce<\/strong><\/h3>\n<p>Projekt badawczy mo\u017cna realizowa\u0107 w dowolnie wybranej instytucji z siedzib\u0105 na terenie Polski, z wyj\u0105tkiem instytucji, kt\u00f3ra zatrudnia\u0142a Wnioskodawc\u0119 w okresie 3 lat bezpo\u015brednio przed dniem zamkni\u0119cia konkursu. Wnioskodawcy, kt\u00f3rzy planuj\u0105 realizowa\u0107 projekt POLONEZ BIS w instytucji, kt\u00f3ra nada\u0142a im stopie\u0144 doktora musza spe\u0142ni\u0107 dodatkowe warunki. Profil instytucji powinien odpowiada\u0107 charakterowi projektu badawczego.<\/p>\n<p>Instytucja przyjmuj\u0105ca zapewni kierownikom projekt\u00f3w opiek\u0119 naukow\u0105 mentora w wybranej dziedzinie bada\u0144 i wsparcie asystenta administracyjnego, kt\u00f3ry pomo\u017ce w zarz\u0105dzaniu projektem. Instytucja przyjmuj\u0105ca otrzyma 20% rycza\u0142t na koszty po\u015brednie zwi\u0105zane z zarz\u0105dzaniem projektem.[\/vc_column_text][vc_column_text]<\/p>\n<h3>Harmonogram konkurs\u00f3w<\/h3>\n<p><span style=\"color: #999999;\"><strong>POLONEZ BIS 1:<\/strong> 15 wrze\u015bnia 2021 r. \u2013 15 grudnia 2021 r. (nab\u00f3r zamkni\u0119ty)<\/span><br \/>\n<span style=\"color: #ff0000;\"><span style=\"color: #999999;\"><strong>POLONEZ BIS 2:<\/strong> 15 marca 2022 r. \u2013 15 czerwca 2022 r.<\/span> <span style=\"color: #999999;\">(nab\u00f3r zamkni\u0119ty)<br \/>\n<strong>POLONEZ BIS 3:<\/strong> 15 wrze\u015bnia 2022 r. \u2013 15 grudnia 2022 r. (nab\u00f3r zamkni\u0119ty)<\/span><\/span><span style=\"color: #ff0000;\"><br \/>\n<\/span><\/p>\n<p>[\/vc_column_text][vc_column_text]<\/p>\n<h3>Chcesz lepiej pozna\u0107 program POLONEZ?<\/h3>\n<p>[\/vc_column_text][vc_video link=&#8221;https:\/\/youtu.be\/5PhO-V2SWw8&#8243; el_width=&#8221;80&#8243;][vc_video link=&#8221;https:\/\/youtu.be\/I9PqXWi19aM&#8221; el_width=&#8221;80&#8243;][\/vc_column][\/vc_row][vc_row][vc_column][\/vc_column][\/vc_row]<\/p>\n","protected":false},"excerpt":{"rendered":"<p>[vc_row][vc_column][vc_custom_heading text=&#8221;Program&#8221; use_theme_fonts=&#8221;yes&#8221;][vc_column_text el_class=&#8221;details_blue&#8221;]Konkursy, zaplanowane w programie POLONEZ BIS, zosta\u0142y rozstrzygni\u0119te. Kolejne nabory nie s\u0105 na razie planowane. Program POLONEZ BIS jest wsp\u00f3\u0142finansowany przez Komisj\u0119 Europejsk\u0105 i Narodowe Centrum Nauki w ramach grantu Marie Sk\u0142odowska-Curie COFUND. W trzech konkursach, og\u0142oszonych w 2021 i 2022 roku, zrekrutowanych zosta\u0142o 133 do\u015bwiadczonych naukowc\u00f3w z ca\u0142ego \u015bwiata. Do Polski [&hellip;]<\/p>\n","protected":false},"author":1,"featured_media":0,"parent":0,"menu_order":0,"comment_status":"closed","ping_status":"closed","template":"page-templates\/template-right-sidebar.php","meta":{"footnotes":""},"class_list":["post-582","page","type-page","status-publish","hentry"],"acf":[],"_links":{"self":[{"href":"https:\/\/polonezbis.eu\/pl\/wp-json\/wp\/v2\/pages\/582","targetHints":{"allow":["GET"]}}],"collection":[{"href":"https:\/\/polonezbis.eu\/pl\/wp-json\/wp\/v2\/pages"}],"about":[{"href":"https:\/\/polonezbis.eu\/pl\/wp-json\/wp\/v2\/types\/page"}],"author":[{"embeddable":true,"href":"https:\/\/polonezbis.eu\/pl\/wp-json\/wp\/v2\/users\/1"}],"replies":[{"embeddable":true,"href":"https:\/\/polonezbis.eu\/pl\/wp-json\/wp\/v2\/comments?post=582"}],"version-history":[{"count":41,"href":"https:\/\/polonezbis.eu\/pl\/wp-json\/wp\/v2\/pages\/582\/revisions"}],"predecessor-version":[{"id":6072,"href":"https:\/\/polonezbis.eu\/pl\/wp-json\/wp\/v2\/pages\/582\/revisions\/6072"}],"wp:attachment":[{"href":"https:\/\/polonezbis.eu\/pl\/wp-json\/wp\/v2\/media?parent=582"}],"curies":[{"name":"wp","href":"https:\/\/api.w.org\/{rel}","templated":true}]}}