{"id":579,"date":"2021-01-09T09:08:40","date_gmt":"2021-01-09T09:08:40","guid":{"rendered":"https:\/\/polonezbis.eu\/polityka-prywatnosci\/"},"modified":"2021-03-01T02:51:44","modified_gmt":"2021-03-01T02:51:44","slug":"polityka-prywatnosci","status":"publish","type":"page","link":"https:\/\/polonezbis.eu\/pl\/polityka-prywatnosci\/","title":{"rendered":"POLITYKA PRYWATNO\u015aCI"},"content":{"rendered":"<p>[vc_row][vc_column][vc_custom_heading text=&#8221;POLITYKA PRYWATNO\u015aCI&#8221; use_theme_fonts=&#8221;yes&#8221;][vc_column_text el_class=&#8221;details_blue&#8221;]<strong>Polityka prywatno\u015bci POLONEZ BIS\u00a0\u00a0<\/strong><strong>wersja 1.0 z 1 marca 2021 r.\u00a0<\/strong>[\/vc_column_text][vc_column_text]<strong>Wst\u0119p<\/strong><\/p>\n<p>Polityka prywatno\u015bci POLONEZ BIS jest zgodna z Og\u00f3lnym Rozporz\u0105dzeniem o Ochronie Danych Osobowych (RODO). Poni\u017cej opisujemy, w jaki spos\u00f3b strona POLONEZ BIS zbiera, wykorzystuje i ujawnia informacje.<\/p>\n<p>Niniejsza Polityka prywatno\u015bci dotyczy sytuacji, w kt\u00f3rych odwiedzaj\u0105 Pa\u0144stwo serwis internetowy POLONEZ BIS i korzystaj\u0105 z jego tre\u015bci, zak\u0142adek lub formularzy, kt\u00f3re odsy\u0142aj\u0105 do Polityki prywatno\u015bci lub na kt\u00f3rych wy\u015bwietla si\u0119 link do niej. Dodatkowo, mo\u017cemy prosi\u0107 Pa\u0144stwa o wyra\u017cenie zgody na warunki \u015bwiadczenia us\u0142ug dost\u0119pnych na stronie.<\/p>\n<p><strong>O nas<\/strong><\/p>\n<p>POLONEZ BIS to projekt realizowany przez Narodowe Centrum Nauki i wsp\u00f3\u0142finansowany z programu Horyzont 2020 w ramach dzia\u0142a\u0144 \u201eMarie Sk\u0142odowska-Curie\u201d (COFUND).<\/p>\n<p>Administratorem danych osobowych jest prowadz\u0105ce program POLONEZ BIS Narodowe Centrum Nauki z siedzib\u0105 w Krakowie przy ul. Twardowskiego 16, 30-312 Krak\u00f3w.<\/p>\n<p>Ochrona danych osobowych jest wa\u017cn\u0105 kwesti\u0105 dla NCN i zespo\u0142u zarz\u0105dzaj\u0105cego projektem POLONEZ BIS. Dlatego podj\u0119li\u015bmy \u015brodki techniczne i organizacyjne, aby zapewni\u0107, \u017ce przepisy dotycz\u0105ce ochrony danych s\u0105 przestrzegane zar\u00f3wno przez nas, jak i przez zewn\u0119trznych us\u0142ugodawc\u00f3w.<\/p>\n<p>Za ka\u017cdym razem, gdy udost\u0119pniamy dane osobowe stronom trzecim, zobowi\u0105zujemy je do stosowania odpowiednich zabezpiecze\u0144 celem zapewnienia ochrony danych osobowych i umo\u017cliwiamy im dost\u0119p jedynie do danych osobowych niezb\u0119dnych do wykonania okre\u015blonych zada\u0144.<\/p>\n<p>Mo\u017cemy tak\u017ce by\u0107 zobowi\u0105zani do udost\u0119pniania danych organom administracji rz\u0105dowej zgodnie z obowi\u0105zuj\u0105cymi przepisami prawa.<\/p>\n<p><strong>Informacje o aktywno\u015bci u\u017cytkownik\u00f3w strony<\/strong><\/p>\n<p>Podczas ka\u017cdej wizyty na stronie internetowej POLONEZ BIS, strona automatycznie zbiera i przechowuje nast\u0119puj\u0105ce dane przesy\u0142ane z przegl\u0105darki u\u017cytkownika:<\/p>\n<ul>\n<li>rodzaj i wersj\u0119 przegl\u0105darki internetowej<\/li>\n<li>system operacyjny<\/li>\n<li>adres odwiedzonej strony<\/li>\n<li>adres strony odwiedzonej przed nasz\u0105 witryn\u0105 (adres URL strony odsy\u0142aj\u0105cej)<\/li>\n<li>czas zapytania serwera<\/li>\n<li>adres IP u\u017cytkownika<\/li>\n<\/ul>\n<p>POLONEZ BIS analizuje powy\u017csze dane wy\u0142\u0105cznie w celach statystycznych w celu pomiaru zainteresowania r\u00f3\u017cnymi tre\u015bciami opublikowanymi na stronie internetowej POLONEZ BIS. Dane te nie daj\u0105 mo\u017cliwo\u015bci dotarcia do konkretnego u\u017cytkownika i nie s\u0105 \u0142\u0105czone z innymi \u017ar\u00f3d\u0142ami informacji o odwiedzaj\u0105cych. Dane zagregowane mog\u0105 by\u0107 przekazywane stronom trzecim w celach sprawozdawczych.<\/p>\n<p>Adresy IP s\u0105 przechowywane przez 60 miesi\u0119cy w celu wykrywania i zapobiegania atakom na infrastruktur\u0119. Po tym czasie adresy IP s\u0105 usuwane. Dane zbierane podczas wizyt na stronie programu POLONEZ BIS przekazywane s\u0105 podmiotom trzecim wy\u0142\u0105cznie w przypadkach, gdy wymagaj\u0105 tego przepisy prawa lub orzeczenie s\u0105dowe oraz w przypadkach, gdy przekazanie ich jest konieczne w zwi\u0105zku z post\u0119powaniem \u00a0prawnym lub karnym spowodowanym atakiem na infrastruktur\u0119 projektu POLONEZ BIS. Dane takie nie b\u0119d\u0105 przekazywane podmiotom trzecim z \u017cadnego innego powodu.<\/p>\n<p><strong>Dane osobowe<\/strong><\/p>\n<p>W naszym serwisie dane osobowe s\u0105 zbierane i przechowywane w formie bazy danych tylko w takim zakresie, w jakim jest to technicznie konieczne, w przypadku zapisu do konkretnej us\u0142ugi np. newslettera POLONEZ BIS. Takie dane osobowe s\u0105 wykorzystywane w celu zapewnienia u\u017cytkownikowi dost\u0119pu do konkretnej us\u0142ugi. Dane osobowe nie s\u0105 upubliczniane, o ile u\u017cytkownik nie wyrazi \u015bwiadomej zgody na ich ujawnienie.\u00a0Dane te mog\u0105 by\u0107 tak\u017ce wykorzystane w celach \u00a0badawczych (np. oceny, ankiet) lub sprawozdawczych.<\/p>\n<p><strong>E-maile przesy\u0142ane do zespo\u0142u zarz\u0105dzaj\u0105cego projektem\u00a0 POLONEZ BIS<\/strong><\/p>\n<p>W przypadku wys\u0142ania wiadomo\u015bci e-mail na dowolny adres podany w zak\u0142adce Kontakt, wiadomo\u015b\u0107 i adres e-mail nadawcy b\u0119d\u0105 wykorzystywane wy\u0142\u0105cznie do cel\u00f3w korespondencyjnych. Nadawca wiadomo\u015bci wyra\u017ca zgod\u0119 na przekazywanie tych danych do innych cz\u0142onk\u00f3w zespo\u0142u zarz\u0105dzaj\u0105cego projektem POLONEZ BIS lub pracownik\u00f3w NCN w celu zapewnienia optymalnego wsparcia.<\/p>\n<p><strong>Prawo do informacji<br \/>\n<\/strong><\/p>\n<p>Ka\u017cdy u\u017cytkownik ma prawo dost\u0119pu do swoich danych oraz ich sprostowania, uzupe\u0142nienia, przeniesienia lub \u017c\u0105dania usuni\u0119cia, ograniczenia lub zaprzestania ich przetwarzania. W przypadku wyra\u017cenia zgody na przekazywanie informacji o naszych us\u0142ugach, u\u017cytkownik ma prawo do wycofania takiej zgody w ka\u017cdej chwili.<\/p>\n<p>W razie potrzeby uzyskania informacji o swoich danych osobowych oraz realizacji innych praw w stosunku do danych osobowych, kt\u00f3re s\u0105 przetwarzane przez Narodowe Centrum Nauki prosz\u0119 kontaktowa\u0107 si\u0119 z Inspektorem Ochrony Danych za pomoc\u0105 poczty elektronicznej na adres: iod@ncn.gov.pl.<\/p>\n<p><strong>Aktualizacje polityki<\/strong><\/p>\n<p>Niniejszy dokument to wersja 1.0 \u00a0Polityki prywatno\u015bci, obowi\u0105zuj\u0105ca od 1 marca 2021 r. W przypadku wprowadzenia zmian, w nag\u0142\u00f3wku dokumentu dodamy dat\u0119 aktualizacji oraz numer nowej wersji.[\/vc_column_text][\/vc_column][\/vc_row][vc_row][vc_column][\/vc_column][\/vc_row]<\/p>\n","protected":false},"excerpt":{"rendered":"<p>[vc_row][vc_column][vc_custom_heading text=&#8221;POLITYKA PRYWATNO\u015aCI&#8221; use_theme_fonts=&#8221;yes&#8221;][vc_column_text el_class=&#8221;details_blue&#8221;]Polityka prywatno\u015bci POLONEZ BIS\u00a0\u00a0wersja 1.0 z 1 marca 2021 r.\u00a0[\/vc_column_text][vc_column_text]Wst\u0119p Polityka prywatno\u015bci POLONEZ BIS jest zgodna z Og\u00f3lnym Rozporz\u0105dzeniem o Ochronie Danych Osobowych (RODO). Poni\u017cej opisujemy, w jaki spos\u00f3b strona POLONEZ BIS zbiera, wykorzystuje i ujawnia informacje. Niniejsza Polityka prywatno\u015bci dotyczy sytuacji, w kt\u00f3rych odwiedzaj\u0105 Pa\u0144stwo serwis internetowy POLONEZ BIS i [&hellip;]<\/p>\n","protected":false},"author":1,"featured_media":0,"parent":0,"menu_order":0,"comment_status":"closed","ping_status":"closed","template":"page-templates\/template-right-sidebar.php","meta":{"footnotes":""},"class_list":["post-579","page","type-page","status-publish","hentry"],"acf":[],"_links":{"self":[{"href":"https:\/\/polonezbis.eu\/pl\/wp-json\/wp\/v2\/pages\/579","targetHints":{"allow":["GET"]}}],"collection":[{"href":"https:\/\/polonezbis.eu\/pl\/wp-json\/wp\/v2\/pages"}],"about":[{"href":"https:\/\/polonezbis.eu\/pl\/wp-json\/wp\/v2\/types\/page"}],"author":[{"embeddable":true,"href":"https:\/\/polonezbis.eu\/pl\/wp-json\/wp\/v2\/users\/1"}],"replies":[{"embeddable":true,"href":"https:\/\/polonezbis.eu\/pl\/wp-json\/wp\/v2\/comments?post=579"}],"version-history":[{"count":4,"href":"https:\/\/polonezbis.eu\/pl\/wp-json\/wp\/v2\/pages\/579\/revisions"}],"predecessor-version":[{"id":1659,"href":"https:\/\/polonezbis.eu\/pl\/wp-json\/wp\/v2\/pages\/579\/revisions\/1659"}],"wp:attachment":[{"href":"https:\/\/polonezbis.eu\/pl\/wp-json\/wp\/v2\/media?parent=579"}],"curies":[{"name":"wp","href":"https:\/\/api.w.org\/{rel}","templated":true}]}}