{"id":574,"date":"2021-01-09T09:07:43","date_gmt":"2021-01-09T09:07:43","guid":{"rendered":"https:\/\/polonezbis.eu\/instytucje-przyjmujace\/"},"modified":"2023-01-05T17:40:31","modified_gmt":"2023-01-05T17:40:31","slug":"instytucje-przyjmujace","status":"publish","type":"page","link":"https:\/\/polonezbis.eu\/pl\/instytucje-przyjmujace\/","title":{"rendered":"Instytucje przyjmuj\u0105ce"},"content":{"rendered":"<p>[vc_row][vc_column width=&#8221;2\/3&#8243;][vc_custom_heading text=&#8221;Instytucje przyjmuj\u0105ce&#8221; use_theme_fonts=&#8221;yes&#8221;][vc_column_text el_class=&#8221;details_blue&#8221;]<span style=\"font-size: 14pt;\"><em><span class=\"TextRun SCXW120951421 BCX0\" lang=\"PL-PL\" xml:lang=\"PL-PL\" data-contrast=\"none\"><span class=\"NormalTextRun SCXW120951421 BCX0\">Nabory wniosk\u00f3w w programie POLONEZ BIS zosta\u0142y zako\u0144czone!<\/span><\/span><\/em><\/span><\/p>\n<p><span class=\"TextRun SCXW120951421 BCX0\" lang=\"PL-PL\" xml:lang=\"PL-PL\" data-contrast=\"none\"><span class=\"NormalTextRun SCXW120951421 BCX0\"><br \/>\nSzukasz mo\u017cliwo\u015bci wzmocnienia swojego zespo\u0142u badawczego? <\/span><span class=\"NormalTextRun SCXW120951421 BCX0\">Czy Twoja instytucja jest <\/span><span class=\"NormalTextRun SCXW120951421 BCX0\">d<\/span><span class=\"NormalTextRun SCXW120951421 BCX0\">oskona\u0142ym miejscem do rozwoju dla utalentowanych naukowc\u00f3w? <\/span><span class=\"NormalTextRun SCXW120951421 BCX0\">Program POLONEZ BIS mo\u017ce Ci\u0119 zainteresowa\u0107!<\/span><\/span><span class=\"EOP SCXW120951421 BCX0\" data-ccp-props=\"{&quot;201341983&quot;:0,&quot;335559739&quot;:160,&quot;335559740&quot;:257}\">\u00a0<\/span>[\/vc_column_text][vc_column_text]<span class=\"TextRun SCXW149419163 BCX0\" lang=\"PL-PL\" xml:lang=\"PL-PL\" data-contrast=\"none\"><span class=\"NormalTextRun SCXW149419163 BCX0\">POLONEZ BIS zaprasza naukowc\u00f3w z ca\u0142ego \u015bwiata, kt\u00f3rzy na 24 miesi\u0105ce przeprowadz\u0105 si\u0119 do Polski, aby prowadzi\u0107 swoje badania w instytucjach publicznych i prywatnych. POLONEZ BIS nie jest zwyk\u0142ym grantem, a wszechstronnym programem integruj\u0105cym badania, sta\u017ce <\/span><span class=\"NormalTextRun SCXW149419163 BCX0\">mi\u0119dzysektorowe<\/span><span class=\"NormalTextRun SCXW149419163 BCX0\"> oraz szkolenia rozwijaj\u0105ce kompetencje mi\u0119kkie.<\/span><\/span><span class=\"EOP SCXW149419163 BCX0\" data-ccp-props=\"{&quot;201341983&quot;:0,&quot;335559739&quot;:160,&quot;335559740&quot;:257}\">\u00a0<\/span><\/p>\n<p><span data-contrast=\"none\">Wnioskodawcami w programie POLONEZ BIS mog\u0105 by\u0107 naukowcy posiadaj\u0105cy doktorat lub przynajmniej 4-letnie pe\u0142noetatowe do\u015bwiadczenie badawcze, kt\u00f3rzy nie mieszkali, nie studiowali ani nie byli zatrudnieni w Polsce przez przynajmniej 2 lata w ci\u0105gu 3 lat przed dniem og\u0142oszenia konkursu. Wyb\u00f3r tematu i dyscypliny nale\u017cy do kandydat\u00f3w, kt\u00f3rzy\u00a0 sk\u0142adaj\u0105 wnioski wsp\u00f3lnie z instytucjami przyjmuj\u0105cymi w Polsce \u2013 swoimi przysz\u0142ymi pracodawcami.<\/span><span data-ccp-props=\"{&quot;201341983&quot;:0,&quot;335559739&quot;:160,&quot;335559740&quot;:257}\">\u00a0<\/span><\/p>\n<p><span data-contrast=\"none\">Program gwarantuje laureatom zatrudnienie w pe\u0142nym wymiarze czasu pracy oraz atrakcyjne warunki finansowe. Opr\u00f3cz miesi\u0119cznego wynagrodzenia 4 465 euro brutto, otrzymaj\u0105 oni do 100 000 euro na realizacj\u0119 projekt\u00f3w badawczych.<\/span><span data-ccp-props=\"{&quot;201341983&quot;:0,&quot;335559739&quot;:160,&quot;335559740&quot;:257}\">\u00a0<\/span><\/p>\n<p><span data-contrast=\"none\">Instytucje przyjmuj\u0105ce zatrudni\u0105 oraz zapewni\u0105 wnioskodawcom (kierownikom projekt\u00f3w) opiek\u0119 naukow\u0105 mentor\u00f3w w wybranej dziedzinie bada\u0144 i wsparcie asystent\u00f3w administracyjnych, kt\u00f3rzy pomog\u0105 w zarz\u0105dzaniu projektami. Na pokrycie koszt\u00f3w po\u015brednich zwi\u0105zanych z zarz\u0105dzaniem projektem instytucje otrzymaj\u0105 rycza\u0142t w wysoko\u015bci do 20% koszt\u00f3w bezpo\u015brednich projektu.<\/span><span data-ccp-props=\"{&quot;201341983&quot;:0,&quot;335559739&quot;:160,&quot;335559740&quot;:257}\">\u00a0<\/span><\/p>\n<p><b><span data-contrast=\"auto\">Jak znale\u017a\u0107 Kierownika Projektu?<\/span><\/b><span data-ccp-props=\"{&quot;201341983&quot;:0,&quot;335559739&quot;:160,&quot;335559740&quot;:259}\">\u00a0<\/span><\/p>\n<p><span data-contrast=\"none\">Najprostszym sposobem jest umieszczenie og\u0142oszenia na w\u0142asnej stronie internetowej oraz w mediach spo\u0142eczno\u015bciowych instytucji np. LinkedIn czy Facebook. Warto r\u00f3wnie\u017c skorzysta\u0107 z ju\u017c posiadanej bazy kontakt\u00f3w do zagranicznych naukowc\u00f3w i zaproponowa\u0107 im przyjazd do Polski w ramach programu POLONEZ BIS.\u00a0<\/span><span data-ccp-props=\"{&quot;201341983&quot;:0,&quot;335559739&quot;:160,&quot;335559740&quot;:257}\">\u00a0<\/span>[\/vc_column_text][\/vc_column][vc_column width=&#8221;1\/3&#8243;][vc_single_image image=&#8221;3870&#8243; img_size=&#8221;full&#8221; onclick=&#8221;custom_link&#8221; link=&#8221;https:\/\/polonezbis.eu\/wp-content\/uploads\/2022\/05\/2022-05-10-POLONEZ-BIS-2-Przewodnik-dla-instytucji-przyjmujacych-2.0.pdf&#8221;][vc_column_text]<\/p>\n<p style=\"text-align: center;\"><a href=\"https:\/\/polonezbis.eu\/wp-content\/uploads\/2022\/05\/2022-05-10-POLONEZ-BIS-2-Przewodnik-dla-instytucji-przyjmujacych-2.0.pdf\">POLONEZ BIS 2 &#8211; Przewodnik dla instytucji<\/a><\/p>\n<p>[\/vc_column_text][vc_separator][vc_video link=&#8221;https:\/\/youtu.be\/hlR6tu0aXIU&#8221;][vc_column_text]<\/p>\n<p style=\"text-align: center;\"><a href=\"https:\/\/youtu.be\/hlR6tu0aXIU\" target=\"_blank\" rel=\"noopener\">POLONEZ BIS 2 &#8211; Webinarium dla instytucji przyjmuj\u0105cych<\/a><\/p>\n<p>[\/vc_column_text][\/vc_column][\/vc_row][vc_row][vc_column][vc_column_text]<span data-contrast=\"none\">Na potrzeby programu POLONEZ BIS powsta\u0142a tak\u017ce specjalna wyszukiwarka <\/span><a href=\"https:\/\/polonezbis.eu\/en\/partner-search-tool\/\"><span data-contrast=\"none\">POLONEZ BIS Partner Search Tool<\/span><\/a><span data-contrast=\"none\">. Po utworzeniu profilu umo\u017cliwia ona publikacj\u0119 ofert, a tak\u017ce przegl\u0105danie profili naukowc\u00f3w, kt\u00f3rzy szukaj\u0105 instytucji przyjmuj\u0105cej w Polsce. Profile instytucji mog\u0105 zak\u0142ada\u0107 reprezentuj\u0105cy je naukowcy zainteresowani sprowadzeniem do swoich zespo\u0142\u00f3w zagranicznych badaczy. Jedna instytucja mo\u017ce za\u0142o\u017cy\u0107 kilka profili.<\/span><span data-ccp-props=\"{&quot;201341983&quot;:0,&quot;335559739&quot;:160,&quot;335559740&quot;:257}\">\u00a0<\/span><\/p>\n<p><span data-contrast=\"none\">Potencjalnych wnioskodawc\u00f3w mo\u017cna znale\u017a\u0107 r\u00f3wnie\u017c w dziale <\/span><a href=\"https:\/\/euraxess.ec.europa.eu\/partnering\" target=\"_blank\" rel=\"noopener\"><span data-contrast=\"none\">Partnering w portalu EURAXESS<\/span><\/a><span data-contrast=\"none\">, a <\/span><a href=\"https:\/\/www.kpk.gov.pl\/poszukiwanie-partnerow\" target=\"_blank\" rel=\"noopener\"><span data-contrast=\"none\">Krajowy Punkt Kontaktowy<\/span><\/a><span data-contrast=\"none\"> oraz sie\u0107 <\/span><a href=\"https:\/\/www.net4mobilityplus.eu\/\" target=\"_blank\" rel=\"noopener\"><span data-contrast=\"none\">Net4Mobility<\/span><\/a><span data-contrast=\"none\"> umo\u017cliwiaj\u0105 publikacj\u0119 og\u0142osze\u0144 instytucjom zainteresowanym przyj\u0119ciem naukowc\u00f3w.\u00a0<\/span><span data-ccp-props=\"{&quot;201341983&quot;:0,&quot;335559739&quot;:160,&quot;335559740&quot;:257}\">\u00a0<\/span><\/p>\n<p><b><span data-contrast=\"none\">Uprawnione Instytucje<\/span><\/b> <b><span data-contrast=\"none\">Przyjmuj\u0105cej<\/span><\/b><span data-ccp-props=\"{&quot;201341983&quot;:0,&quot;335559739&quot;:160,&quot;335559740&quot;:257}\">\u00a0<\/span><\/p>\n<p><span data-contrast=\"none\">Jednostkami przyjmuj\u0105cymi mog\u0105 by\u0107 dowolnie wybrane instytucje posiadaj\u0105ce osobowo\u015b\u0107 prawn\u0105 z siedzib\u0105 na terenie Polski, bez wzgl\u0119du na ich profil. <\/span><br \/>\n<span data-contrast=\"none\">Podmiotem przyjmuj\u0105cym mo\u017ce by\u0107:\u00a0<\/span><span data-ccp-props=\"{&quot;201341983&quot;:0,&quot;335559739&quot;:160,&quot;335559740&quot;:257}\">\u00a0<\/span><\/p>\n<ul>\n<li data-leveltext=\"\uf0b7\" data-font=\"Symbol\" data-listid=\"3\" aria-setsize=\"-1\" data-aria-posinset=\"1\" data-aria-level=\"1\"><span data-contrast=\"none\">uczelnia;<\/span><span data-ccp-props=\"{&quot;201341983&quot;:0,&quot;335559739&quot;:160,&quot;335559740&quot;:257}\">\u00a0<\/span><\/li>\n<li data-leveltext=\"\uf0b7\" data-font=\"Symbol\" data-listid=\"3\" aria-setsize=\"-1\" data-aria-posinset=\"2\" data-aria-level=\"1\"><span data-contrast=\"none\">federacja podmiot\u00f3w systemu szkolnictwa wy\u017cszego i nauki;<\/span><span data-ccp-props=\"{&quot;201341983&quot;:0,&quot;335551550&quot;:6,&quot;335551620&quot;:6,&quot;335559739&quot;:160,&quot;335559740&quot;:259}\">\u00a0<\/span><\/li>\n<li data-leveltext=\"\uf0b7\" data-font=\"Symbol\" data-listid=\"3\" aria-setsize=\"-1\" data-aria-posinset=\"3\" data-aria-level=\"1\"><span data-contrast=\"none\">instytut naukowy PAN, dzia\u0142aj\u0105cy na podstawie ustawy z dnia 30 kwietnia 2010 r. o Polskiej Akademii Nauk;<\/span><span data-ccp-props=\"{&quot;201341983&quot;:0,&quot;335551550&quot;:6,&quot;335551620&quot;:6,&quot;335559739&quot;:160,&quot;335559740&quot;:259}\">\u00a0<\/span><\/li>\n<li data-leveltext=\"\uf0b7\" data-font=\"Symbol\" data-listid=\"3\" aria-setsize=\"-1\" data-aria-posinset=\"3\" data-aria-level=\"1\"><span data-contrast=\"none\">instytut badawczy, dzia\u0142aj\u0105cy na podstawie ustawy z dnia 30 kwietnia 2010 r. o instytutach badawczych;<\/span><span data-ccp-props=\"{&quot;201341983&quot;:0,&quot;335551550&quot;:6,&quot;335551620&quot;:6,&quot;335559739&quot;:160,&quot;335559740&quot;:259}\">\u00a0<\/span><\/li>\n<li data-leveltext=\"\uf0b7\" data-font=\"Symbol\" data-listid=\"3\" aria-setsize=\"-1\" data-aria-posinset=\"3\" data-aria-level=\"1\"><span data-contrast=\"none\">mi\u0119dzynarodowy instytut naukowy utworzony na podstawie odr\u0119bnych ustaw dzia\u0142aj\u0105cy na terytorium Rzeczypospolitej Polskiej;<\/span><span data-ccp-props=\"{&quot;201341983&quot;:0,&quot;335551550&quot;:6,&quot;335551620&quot;:6,&quot;335559739&quot;:160,&quot;335559740&quot;:259}\">\u00a0<\/span><\/li>\n<li data-leveltext=\"\uf0b7\" data-font=\"Symbol\" data-listid=\"3\" aria-setsize=\"-1\" data-aria-posinset=\"3\" data-aria-level=\"1\"><span data-contrast=\"none\">Centrum \u0141ukasiewicz, dzia\u0142aj\u0105ce na podstawie ustawy z dnia 21 lutego 2019 r. o Sieci Badawczej \u0141ukasiewicz;<\/span><span data-ccp-props=\"{&quot;201341983&quot;:0,&quot;335551550&quot;:6,&quot;335551620&quot;:6,&quot;335559739&quot;:160,&quot;335559740&quot;:259}\">\u00a0<\/span><\/li>\n<li data-leveltext=\"\uf0b7\" data-font=\"Symbol\" data-listid=\"3\" aria-setsize=\"-1\" data-aria-posinset=\"3\" data-aria-level=\"1\"><span data-contrast=\"none\">instytuty dzia\u0142aj\u0105ce w ramach Sieci Badawczej \u0141ukasiewicz;<\/span><span data-ccp-props=\"{&quot;201341983&quot;:0,&quot;335551550&quot;:6,&quot;335551620&quot;:6,&quot;335559739&quot;:160,&quot;335559740&quot;:259}\">\u00a0<\/span><\/li>\n<li data-leveltext=\"\uf0b7\" data-font=\"Symbol\" data-listid=\"3\" aria-setsize=\"-1\" data-aria-posinset=\"3\" data-aria-level=\"1\"><span data-contrast=\"none\">Polska Akademia Umiej\u0119tno\u015bci;<\/span><span data-ccp-props=\"{&quot;201341983&quot;:0,&quot;335551550&quot;:6,&quot;335551620&quot;:6,&quot;335559739&quot;:160,&quot;335559740&quot;:259}\">\u00a0<\/span><\/li>\n<li data-leveltext=\"\uf0b7\" data-font=\"Symbol\" data-listid=\"3\" aria-setsize=\"-1\" data-aria-posinset=\"3\" data-aria-level=\"1\"><span data-contrast=\"none\">inny podmiot prowadz\u0105cy g\u0142\u00f3wnie dzia\u0142alno\u015b\u0107 naukow\u0105 w spos\u00f3b samodzielny i ci\u0105g\u0142y;<\/span><span data-ccp-props=\"{&quot;201341983&quot;:0,&quot;335551550&quot;:6,&quot;335551620&quot;:6,&quot;335559739&quot;:160,&quot;335559740&quot;:259}\">\u00a0<\/span><\/li>\n<li data-leveltext=\"\uf0b7\" data-font=\"Symbol\" data-listid=\"3\" aria-setsize=\"-1\" data-aria-posinset=\"3\" data-aria-level=\"1\"><span data-contrast=\"none\">centrum naukowo-przemys\u0142owe w rozumieniu ustawy z dnia 30 kwietnia 2010 r. o instytutach badawczych;<\/span><span data-ccp-props=\"{&quot;201341983&quot;:0,&quot;335551550&quot;:6,&quot;335551620&quot;:6,&quot;335559739&quot;:160,&quot;335559740&quot;:259}\">\u00a0<\/span><\/li>\n<li data-leveltext=\"\uf0b7\" data-font=\"Symbol\" data-listid=\"3\" aria-setsize=\"-1\" data-aria-posinset=\"3\" data-aria-level=\"1\"><span data-contrast=\"none\">centrum Polskiej Akademii Nauk w rozumieniu ustawy z dnia 30 kwietnia 2010 r. o Polskiej Akademii Nauk;<\/span><span data-ccp-props=\"{&quot;201341983&quot;:0,&quot;335551550&quot;:6,&quot;335551620&quot;:6,&quot;335559739&quot;:160,&quot;335559740&quot;:259}\">\u00a0<\/span><\/li>\n<li data-leveltext=\"\uf0b7\" data-font=\"Symbol\" data-listid=\"3\" aria-setsize=\"-1\" data-aria-posinset=\"3\" data-aria-level=\"1\"><span data-contrast=\"none\">biblioteka naukowa;<\/span><span data-ccp-props=\"{&quot;201341983&quot;:0,&quot;335551550&quot;:6,&quot;335551620&quot;:6,&quot;335559739&quot;:160,&quot;335559740&quot;:259}\">\u00a0<\/span><\/li>\n<li data-leveltext=\"\uf0b7\" data-font=\"Symbol\" data-listid=\"3\" aria-setsize=\"-1\" data-aria-posinset=\"3\" data-aria-level=\"1\"><span data-contrast=\"none\">przedsi\u0119biorca maj\u0105cy status centrum badawczo-rozwojowego w rozumieniu ustawy z dnia 30 maja 2008 r. o niekt\u00f3rych formach wspierania dzia\u0142alno\u015bci innowacyjnej;<\/span><span data-ccp-props=\"{&quot;201341983&quot;:0,&quot;335551550&quot;:6,&quot;335551620&quot;:6,&quot;335559739&quot;:160,&quot;335559740&quot;:259}\">\u00a0<\/span><\/li>\n<li data-leveltext=\"\uf0b7\" data-font=\"Symbol\" data-listid=\"3\" aria-setsize=\"-1\" data-aria-posinset=\"3\" data-aria-level=\"1\"><span data-contrast=\"none\">jednostka organizacyjna posiadaj\u0105ca osobowo\u015b\u0107 prawn\u0105 i siedzib\u0119 na terytorium Rzeczypospolitej Polskiej;<\/span><span data-ccp-props=\"{&quot;201341983&quot;:0,&quot;335551550&quot;:6,&quot;335551620&quot;:6,&quot;335559739&quot;:160,&quot;335559740&quot;:259}\">\u00a0<\/span><\/li>\n<li data-leveltext=\"\uf0b7\" data-font=\"Symbol\" data-listid=\"3\" aria-setsize=\"-1\" data-aria-posinset=\"3\" data-aria-level=\"1\"><span data-contrast=\"none\">przedsi\u0119biorca prowadz\u0105cy badania naukowe w innej formie organizacyjnej ni\u017c okre\u015blone powy\u017cej.<\/span><span data-ccp-props=\"{&quot;201341983&quot;:0,&quot;335551550&quot;:6,&quot;335551620&quot;:6,&quot;335559739&quot;:160,&quot;335559740&quot;:259}\">\u00a0<\/span><\/li>\n<\/ul>\n<p><span data-contrast=\"none\">Profil instytucji powinien odpowiada\u0107 charakterowi projektu badawczego.<\/span><span data-ccp-props=\"{&quot;201341983&quot;:0,&quot;335559739&quot;:160,&quot;335559740&quot;:257}\">\u00a0<\/span><\/p>\n<p><span data-contrast=\"none\">Instytucj\u0105 przyjmuj\u0105c\u0105 nie mo\u017ce by\u0107: <\/span><span data-ccp-props=\"{&quot;201341983&quot;:0,&quot;335559739&quot;:160,&quot;335559740&quot;:257}\">\u00a0<\/span><\/p>\n<ul>\n<li data-leveltext=\"\uf0b7\" data-font=\"Symbol\" data-listid=\"1\" aria-setsize=\"-1\" data-aria-posinset=\"3\" data-aria-level=\"1\"><span data-contrast=\"none\">podmiot, kt\u00f3ry nada\u0142 wnioskodawcy stopie\u0144 doktora, chyba \u017ce od momentu nadania stopnia doktora wnioskodawca odby\u0142 udokumentowany sta\u017c lub sta\u017ce podoktorskie poza granicami Polski, trwaj\u0105ce \u0142\u0105cznie co najmniej 3 lata, w tym co najmniej jeden sta\u017c trwaj\u0105cy nieprzerwanie 12 miesi\u0119cy;\u00a0<\/span><span data-ccp-props=\"{&quot;201341983&quot;:0,&quot;335559739&quot;:160,&quot;335559740&quot;:257}\">\u00a0<\/span><\/li>\n<li data-leveltext=\"\uf0b7\" data-font=\"Symbol\" data-listid=\"1\" aria-setsize=\"-1\" data-aria-posinset=\"3\" data-aria-level=\"1\"><span data-contrast=\"none\">podmiot, kt\u00f3ry zatrudnia\u0142 wnioskodawc\u0119 w okresie trzech lat poprzedzaj\u0105cych dzie\u0144 zamkni\u0119cia naboru wniosk\u00f3w w konkursie (15 czerwca 2022 r.). Zwracamy uwag\u0119\u00a0 na wyj\u0105tek od tej regu\u0142y, kt\u00f3ry dotyczy\u00a0 wnioskodawc\u00f3w przyby\u0142ych na terytorium Polski 24 lutego 2022 r. lub p\u00f3\u017aniej, w wyniku rosyjskiej agresji militarnej wobec Ukrainy &#8211; mog\u0105 oni wskaza\u0107 obecnego pracodawc\u0119 jako instytucj\u0119 przyjmuj\u0105c\u0105 w przypadku, gdy zostali w niej zatrudnieni 24 lutego 2022 r. lub p\u00f3\u017aniej;<\/span><\/li>\n<li data-leveltext=\"\uf0b7\" data-font=\"Symbol\" data-listid=\"1\" aria-setsize=\"-1\" data-aria-posinset=\"3\" data-aria-level=\"1\"><span data-contrast=\"none\">grupa podmiot\u00f3w;<\/span><span data-ccp-props=\"{&quot;201341983&quot;:0,&quot;335559739&quot;:160,&quot;335559740&quot;:257}\">\u00a0<\/span><\/li>\n<li data-leveltext=\"\uf0b7\" data-font=\"Symbol\" data-listid=\"1\" aria-setsize=\"-1\" data-aria-posinset=\"3\" data-aria-level=\"1\"><span data-contrast=\"none\">podmiot pozostaj\u0105cy pod zarz\u0105dem komisarycznym b\u0105d\u017a znajduj\u0105cy si\u0119 w toku likwidacji albo post\u0119powania upad\u0142o\u015bciowego.<\/span><span data-ccp-props=\"{&quot;201341983&quot;:0,&quot;335559739&quot;:160,&quot;335559740&quot;:257}\">\u00a0<\/span><\/li>\n<\/ul>\n<p>[\/vc_column_text][\/vc_column][\/vc_row]<\/p>\n","protected":false},"excerpt":{"rendered":"<p>[vc_row][vc_column width=&#8221;2\/3&#8243;][vc_custom_heading text=&#8221;Instytucje przyjmuj\u0105ce&#8221; use_theme_fonts=&#8221;yes&#8221;][vc_column_text el_class=&#8221;details_blue&#8221;]Nabory wniosk\u00f3w w programie POLONEZ BIS zosta\u0142y zako\u0144czone! Szukasz mo\u017cliwo\u015bci wzmocnienia swojego zespo\u0142u badawczego? Czy Twoja instytucja jest doskona\u0142ym miejscem do rozwoju dla utalentowanych naukowc\u00f3w? Program POLONEZ BIS mo\u017ce Ci\u0119 zainteresowa\u0107!\u00a0[\/vc_column_text][vc_column_text]POLONEZ BIS zaprasza naukowc\u00f3w z ca\u0142ego \u015bwiata, kt\u00f3rzy na 24 miesi\u0105ce przeprowadz\u0105 si\u0119 do Polski, aby prowadzi\u0107 swoje badania w [&hellip;]<\/p>\n","protected":false},"author":1,"featured_media":0,"parent":0,"menu_order":0,"comment_status":"closed","ping_status":"closed","template":"page-templates\/template-right-sidebar.php","meta":{"footnotes":""},"class_list":["post-574","page","type-page","status-publish","hentry"],"acf":[],"_links":{"self":[{"href":"https:\/\/polonezbis.eu\/pl\/wp-json\/wp\/v2\/pages\/574","targetHints":{"allow":["GET"]}}],"collection":[{"href":"https:\/\/polonezbis.eu\/pl\/wp-json\/wp\/v2\/pages"}],"about":[{"href":"https:\/\/polonezbis.eu\/pl\/wp-json\/wp\/v2\/types\/page"}],"author":[{"embeddable":true,"href":"https:\/\/polonezbis.eu\/pl\/wp-json\/wp\/v2\/users\/1"}],"replies":[{"embeddable":true,"href":"https:\/\/polonezbis.eu\/pl\/wp-json\/wp\/v2\/comments?post=574"}],"version-history":[{"count":17,"href":"https:\/\/polonezbis.eu\/pl\/wp-json\/wp\/v2\/pages\/574\/revisions"}],"predecessor-version":[{"id":4777,"href":"https:\/\/polonezbis.eu\/pl\/wp-json\/wp\/v2\/pages\/574\/revisions\/4777"}],"wp:attachment":[{"href":"https:\/\/polonezbis.eu\/pl\/wp-json\/wp\/v2\/media?parent=574"}],"curies":[{"name":"wp","href":"https:\/\/api.w.org\/{rel}","templated":true}]}}