{"id":571,"date":"2021-01-09T09:06:45","date_gmt":"2021-01-09T09:06:45","guid":{"rendered":"https:\/\/polonezbis.eu\/fellows\/"},"modified":"2023-05-26T13:31:40","modified_gmt":"2023-05-26T13:31:40","slug":"fellows","status":"publish","type":"page","link":"https:\/\/polonezbis.eu\/pl\/fellows\/","title":{"rendered":"Fellows"},"content":{"rendered":"<p>[vc_row][vc_column][vc_custom_heading text=&#8221;Fellows&#8221; use_theme_fonts=&#8221;yes&#8221;][vc_column_text el_class=&#8221;details_blue&#8221;]Serdecznie gratulujemy wszystkim 139 doskona\u0142ym naukowcom, kt\u00f3rzy uzyskali finansowanie w konkursach programu POLONEZ BIS. W tej sekcji mo\u017cna znale\u017a\u0107 informacje przydatne na etapie realizacji projekt\u00f3w. Podstrona b\u0119dzie uzupe\u0142niana na bie\u017c\u0105co o instrukcje, wzory dokument\u00f3w, przewodniki, itp.[\/vc_column_text][vc_column_text]<\/p>\n<ul>\n<li>POLONEZ BIS 3 &#8211; <a href=\"https:\/\/www.ncn.gov.pl\/konkursy\/wyniki\/2023-05-24-polonez-bis-3\" target=\"_blank\" rel=\"noopener\">LISTA RANKINGOWA<\/a><\/li>\n<li>POLONEZ BIS 2 &#8211; <a href=\"https:\/\/www.ncn.gov.pl\/konkursy\/wyniki\/2022-12-06-opus23-preludium17-polonez-bis-2\" target=\"_blank\" rel=\"noopener\">LISTA RANKINGOWA<\/a><\/li>\n<li>POLONEZ BIS 1 &#8211; <a href=\"https:\/\/ncn.gov.pl\/konkursy\/wyniki\/2022-05-25-polonezbis1\" target=\"_blank\" rel=\"noopener\">LISTA RANKINGOWA<\/a><\/li>\n<\/ul>\n<p><b><span data-contrast=\"auto\">Fellow&#8217;s Vademecum<\/span><\/b><\/p>\n<p>Z my\u015bl\u0105 o Kierownikach projekt\u00f3w POLONEZ BIS przygotowali\u015bmy Vademecum (w j\u0119zyku angielskim) zawieraj\u0105ce praktyczne informacje i odpowiedzi na najcz\u0119\u015bciej zadawane pytania dotycz\u0105ce zawierania um\u00f3w oraz realizacji indywidualnych grant\u00f3w badawczych. Broszura zawiera m.in. harmonogram planowanych wydarze\u0144 oraz terminy dostarczania do Centrum dokument\u00f3w koniecznych do w\u0142a\u015bciwego monitorowania post\u0119p\u00f3w projektu.\u00a0 Zach\u0119camy do pobrania dokumentu i zapoznania si\u0119 z jego tre\u015bci\u0105.<\/p>\n<p><a href=\"https:\/\/polonezbis.eu\/wp-content\/uploads\/2022\/12\/POLONEZ-BIS-Fellows-Vademecum-2.0.pdf\"><strong>Vademecum dla Kierownik\u00f3w Projekt\u00f3w<\/strong><\/a><\/p>\n<p>&nbsp;<\/p>\n<p><strong>Plan rozwoju kariery zawodowej\u00a0<\/strong><\/p>\n<p><strong><a href=\"https:\/\/polonezbis.eu\/wp-content\/uploads\/2023\/04\/POLONEZ-BIS_when-and-how-to-update-your-CDP.pdf\">Instrukcja aktualizacji planu rozwoju kariery (CDP<\/a>) <\/strong>(instrukcja w j\u0119zyku angielskim)<\/p>\n<p>&nbsp;<\/p>\n<p><strong>Umowa o finansowanie i realizacj\u0119 projektu\u00a0<\/strong><\/p>\n<p><strong><a href=\"https:\/\/polonezbis.eu\/wp-content\/uploads\/2022\/12\/POLONEZ-BIS_how-to-prepare-the-funding-agreement-3.0.pdf\">Jak przygotowa\u0107 umow\u0119 o finansowanie w systemie OSF<\/a><\/strong> (instrukcja w j\u0119zyku angielskim, linki do wzor\u00f3w dokument\u00f3w)<\/p>\n<p>Podpisan\u0105 umow\u0119 o finansowanie i realizacj\u0119 projektu nale\u017cy przes\u0142a\u0107 do Centrum nie p\u00f3\u017aniej ni\u017c 2 miesi\u0105ce od otrzymania decyzji o przyznaniu \u015brodk\u00f3w. Umowy pomy\u015blnie dostarczone do NCN, czekaj\u0105 nast\u0119pnie na weryfikacj\u0119 pod wzgl\u0119dem formalnym. Przypominamy, \u017ce umowy zostan\u0105 podpisane przez Dyrektora NCN dopiero po otrzymaniu przez Centrum dokumentu potwierdzaj\u0105cego zatrudnienie Kierownika Projektu przez Podmiot przyjmuj\u0105cy na warunkach okre\u015blonych w \u00a72 ust. 1-2 umowy o finansowaniu (tzn. na ca\u0142y okres realizacji projektu, na podstawie umowy o prac\u0119, w pe\u0142nym wymiarze czasu pracy, wy\u0142\u0105cznie w celu wykonywania zada\u0144 badawczych i udzia\u0142u w szkoleniach zwi\u0105zanych z realizacj\u0105 projektu POLONEZ BIS).<\/p>\n<p>Podmiot przyjmuj\u0105cy sk\u0142ada potwierdzenie zatrudnienia Kierownika projektu w formie elektronicznej (podpisane kwalifikowanym podpisem elektronicznym w formacie PAdES przez przedstawiciela Podmiotu), na adres Elektronicznej Skrzynki Podawczej Narodowego Centrum Nauki: \/ncn\/SkrytkaESP, w terminie 7 dni od dnia rozpocz\u0119cia zatrudnienia. Zatrudnienie na potrzeby projektu POLONEZ BIS musi rozpocz\u0105\u0107 si\u0119 w dniu rozpocz\u0119cia projektu.<\/p>\n<p>&nbsp;<\/p>\n<p><strong>Wiza i zezwolenie na pobyt w Polsce<\/strong><\/p>\n<p>Kierownicy Projekt\u00f3w POLONEZ BIS, kt\u00f3rzy s\u0105 obywatelami kraj\u00f3w nieobj\u0119tych ruchem bezwizowym (<a href=\"http:\/\/archiwalna.udsc.gov.pl\/en\/cudzoziemcy\/obywatele-panstw-trzecich\/chce-przyjechac-do-polski\/czy-potrzebuje-wizy\/\" target=\"_blank\" rel=\"noopener\">lista pa\u0144stw<\/a>), musz\u0105 przed przyjazdem uzyska\u0107 wiz\u0119 do Polski. Wizy wydawane s\u0105 przez polskie ambasady\/konsulaty znajduj\u0105ce si\u0119 za granic\u0105 (<a href=\"https:\/\/www.gov.pl\/web\/diplomacy\/polands-missions-abroad\" target=\"_blank\" rel=\"noopener\">lista jednostek konsularnych<\/a>).<\/p>\n<p>Kierownicy Projekt\u00f3w powinni ubiega\u0107 si\u0119 o wiz\u0119 krajow\u0105 typu D, a jako cel przyjazdu wskaza\u0107 &#8222;naukowiec\/badacz, w celu prowadzenia bada\u0144 naukowych lub prac rozwojowych&#8221;. Ten typ wizy wydawany jest maksymalnie na 1 rok w celu prowadzenia bada\u0144 naukowych lub prac rozwojowych.<\/p>\n<p>Wi\u0119cej informacji na temat procedur uzyskiwania wiz znajduje si\u0119 na stronie Euraxess Poland (<a href=\"https:\/\/www.euraxess.pl\/poland\/information-assistance\/entry-conditions\/information-citizens-third-countries\" target=\"_blank\" rel=\"noopener\">link<\/a>): oraz na stronie polskiego Ministerstwa Spraw Zagranicznych (<a href=\"https:\/\/www.gov.pl\/web\/diplomacy\/visas\" target=\"_blank\" rel=\"noopener\">link<\/a>).<\/p>\n<p>Decyzja Dyrektora NCN o przyznaniu \u015brodk\u00f3w na realizacj\u0119 projektu POLONEZ BIS powinna uwiarygodni\u0107 cel przyjazdu naukowca do Polski. Jednak w zale\u017cno\u015bci od kraju, w kt\u00f3rym sk\u0142adany jest wniosek o wiz\u0119, mog\u0105 by\u0107 wymagane r\u00f3wnie\u017c inne dokumenty. Zaproszenie lub promesa zatrudnienia w Polsce powinny by\u0107 przygotowane przez Podmiot przyjmuj\u0105cy.<\/p>\n<p>Realizacja projektu POLONEZ BIS i zwi\u0105zany z ni\u0105 pobyt Kierownika Projektu w Polsce przekracza 1 rok. Aby zalegalizowa\u0107 d\u0142u\u017cszy pobyt nale\u017cy uzyska\u0107 zezwolenie na pobyt czasowy, wydawane przez Urz\u0105d Wojew\u00f3dzki w\u0142a\u015bciwy dla siedziby Podmiotu przyjmuj\u0105cego, na okres maksymalnie 3 lat z mo\u017cliwo\u015bci\u0105 przed\u0142u\u017cenia. Wniosek o zezwolenie na pobyt mo\u017cna z\u0142o\u017cy\u0107 w dowolnym momencie legalnego pobytu w Polsce (nie p\u00f3\u017aniej ni\u017c w dniu wyga\u015bni\u0119cia wizy), ale zalecamy zrobi\u0107 to z wyprzedzeniem, poniewa\u017c procedury mog\u0105 trwa\u0107 nawet 4 miesi\u0105ce. Istniej\u0105 r\u00f3\u017cne rodzaje zezwole\u0144, w tym zezwolenie na pobyt czasowy dla naukowc\u00f3w przyje\u017cd\u017caj\u0105cych do Polski w celu prowadzenia bada\u0144 naukowych (<a href=\"https:\/\/www.euraxess.pl\/poland\/information-assistance\/entry-conditions\/information-citizens-third-countries\/residence-permit\" target=\"_blank\" rel=\"noopener\">wi\u0119cej informacji<\/a>).[\/vc_column_text][vc_column_text]<a href=\"https:\/\/www.ncn.gov.pl\/sites\/default\/files\/pliki\/regulaminy\/polonez-bis-grant-agreement.pdf\" target=\"_blank\" rel=\"noopener\">Umowa nr 945339 mi\u0119dzy NCN a Komisj\u0105 Europejsk\u0105 o realizacj\u0119 programu POLONEZ BIS<\/a>[\/vc_column_text][\/vc_column][\/vc_row]<\/p>\n","protected":false},"excerpt":{"rendered":"<p>[vc_row][vc_column][vc_custom_heading text=&#8221;Fellows&#8221; use_theme_fonts=&#8221;yes&#8221;][vc_column_text el_class=&#8221;details_blue&#8221;]Serdecznie gratulujemy wszystkim 139 doskona\u0142ym naukowcom, kt\u00f3rzy uzyskali finansowanie w konkursach programu POLONEZ BIS. W tej sekcji mo\u017cna znale\u017a\u0107 informacje przydatne na etapie realizacji projekt\u00f3w. Podstrona b\u0119dzie uzupe\u0142niana na bie\u017c\u0105co o instrukcje, wzory dokument\u00f3w, przewodniki, itp.[\/vc_column_text][vc_column_text] POLONEZ BIS 3 &#8211; LISTA RANKINGOWA POLONEZ BIS 2 &#8211; LISTA RANKINGOWA POLONEZ BIS 1 &#8211; [&hellip;]<\/p>\n","protected":false},"author":1,"featured_media":0,"parent":0,"menu_order":0,"comment_status":"closed","ping_status":"closed","template":"page-templates\/template-right-sidebar.php","meta":{"footnotes":""},"class_list":["post-571","page","type-page","status-publish","hentry"],"acf":[],"_links":{"self":[{"href":"https:\/\/polonezbis.eu\/pl\/wp-json\/wp\/v2\/pages\/571","targetHints":{"allow":["GET"]}}],"collection":[{"href":"https:\/\/polonezbis.eu\/pl\/wp-json\/wp\/v2\/pages"}],"about":[{"href":"https:\/\/polonezbis.eu\/pl\/wp-json\/wp\/v2\/types\/page"}],"author":[{"embeddable":true,"href":"https:\/\/polonezbis.eu\/pl\/wp-json\/wp\/v2\/users\/1"}],"replies":[{"embeddable":true,"href":"https:\/\/polonezbis.eu\/pl\/wp-json\/wp\/v2\/comments?post=571"}],"version-history":[{"count":27,"href":"https:\/\/polonezbis.eu\/pl\/wp-json\/wp\/v2\/pages\/571\/revisions"}],"predecessor-version":[{"id":5217,"href":"https:\/\/polonezbis.eu\/pl\/wp-json\/wp\/v2\/pages\/571\/revisions\/5217"}],"wp:attachment":[{"href":"https:\/\/polonezbis.eu\/pl\/wp-json\/wp\/v2\/media?parent=571"}],"curies":[{"name":"wp","href":"https:\/\/api.w.org\/{rel}","templated":true}]}}