{"id":565,"date":"2021-01-09T09:02:43","date_gmt":"2021-01-09T09:02:43","guid":{"rendered":"https:\/\/polonezbis.eu\/polityka-cookie\/"},"modified":"2021-03-01T02:29:56","modified_gmt":"2021-03-01T02:29:56","slug":"polityka-cookie","status":"publish","type":"page","link":"https:\/\/polonezbis.eu\/pl\/polityka-cookie\/","title":{"rendered":"POLITYKA COOKIE"},"content":{"rendered":"<p>[vc_row][vc_column][vc_custom_heading text=&#8221;POLITYKA COOKIE&#8221; use_theme_fonts=&#8221;yes&#8221;][vc_column_text el_class=&#8221;details_blue&#8221;][\/vc_column_text][vc_column_text]Pliki cookie to niewielkie pliki, kt\u00f3re mog\u0105 by\u0107 przechowywane na Pa\u0144stwa komputerze lub urz\u0105dzeniu mobilnym. Strona POLONEZ BIS u\u017cywa plik\u00f3w cookie w celu poprawy komfortu jej u\u017cytkowania. Pliki cookie, skategoryzowane jako niezb\u0119dne, s\u0105 przechowywane w przegl\u0105darce u\u017cytkownika, poniewa\u017c s\u0105 potrzebne do zapewnienia sprawnego dzia\u0142ania podstawowych funkcjonalno\u015bci strony. Korzystamy r\u00f3wnie\u017c z plik\u00f3w cookie stron trzecich, kt\u00f3re pomagaj\u0105 nam analizowa\u0107 i zrozumie\u0107 spos\u00f3b korzystania z tej strony internetowej. Te pliki cookie s\u0105 zapisywane w przegl\u0105darce u\u017cytkownika tylko za jego zgod\u0105. Ustawienia dotycz\u0105ce plik\u00f3w cookie mo\u017cna zmieni\u0107 w przegl\u0105darce internetowej, brak zmiany oznacza akceptacj\u0119 dla plik\u00f3w cookie.[\/vc_column_text][\/vc_column][\/vc_row]<\/p>\n","protected":false},"excerpt":{"rendered":"<p>[vc_row][vc_column][vc_custom_heading text=&#8221;POLITYKA COOKIE&#8221; use_theme_fonts=&#8221;yes&#8221;][vc_column_text el_class=&#8221;details_blue&#8221;][\/vc_column_text][vc_column_text]Pliki cookie to niewielkie pliki, kt\u00f3re mog\u0105 by\u0107 przechowywane na Pa\u0144stwa komputerze lub urz\u0105dzeniu mobilnym. Strona POLONEZ BIS u\u017cywa plik\u00f3w cookie w celu poprawy komfortu jej u\u017cytkowania. Pliki cookie, skategoryzowane jako niezb\u0119dne, s\u0105 przechowywane w przegl\u0105darce u\u017cytkownika, poniewa\u017c s\u0105 potrzebne do zapewnienia sprawnego dzia\u0142ania podstawowych funkcjonalno\u015bci strony. Korzystamy r\u00f3wnie\u017c z plik\u00f3w [&hellip;]<\/p>\n","protected":false},"author":1,"featured_media":0,"parent":0,"menu_order":0,"comment_status":"closed","ping_status":"closed","template":"page-templates\/template-right-sidebar.php","meta":{"footnotes":""},"class_list":["post-565","page","type-page","status-publish","hentry"],"acf":[],"_links":{"self":[{"href":"https:\/\/polonezbis.eu\/pl\/wp-json\/wp\/v2\/pages\/565","targetHints":{"allow":["GET"]}}],"collection":[{"href":"https:\/\/polonezbis.eu\/pl\/wp-json\/wp\/v2\/pages"}],"about":[{"href":"https:\/\/polonezbis.eu\/pl\/wp-json\/wp\/v2\/types\/page"}],"author":[{"embeddable":true,"href":"https:\/\/polonezbis.eu\/pl\/wp-json\/wp\/v2\/users\/1"}],"replies":[{"embeddable":true,"href":"https:\/\/polonezbis.eu\/pl\/wp-json\/wp\/v2\/comments?post=565"}],"version-history":[{"count":12,"href":"https:\/\/polonezbis.eu\/pl\/wp-json\/wp\/v2\/pages\/565\/revisions"}],"predecessor-version":[{"id":1656,"href":"https:\/\/polonezbis.eu\/pl\/wp-json\/wp\/v2\/pages\/565\/revisions\/1656"}],"wp:attachment":[{"href":"https:\/\/polonezbis.eu\/pl\/wp-json\/wp\/v2\/media?parent=565"}],"curies":[{"name":"wp","href":"https:\/\/api.w.org\/{rel}","templated":true}]}}