{"id":525,"date":"2021-01-09T08:57:06","date_gmt":"2021-01-09T08:57:06","guid":{"rendered":"https:\/\/polonezbis.eu\/wnioskodawcy\/"},"modified":"2023-01-05T17:41:47","modified_gmt":"2023-01-05T17:41:47","slug":"wnioskodawcy","status":"publish","type":"page","link":"https:\/\/polonezbis.eu\/pl\/wnioskodawcy\/","title":{"rendered":"Wnioskodawcy"},"content":{"rendered":"<p>[vc_row][vc_column][vc_custom_heading text=&#8221;Wnioskodawcy&#8221; use_theme_fonts=&#8221;yes&#8221;][\/vc_column][\/vc_row][vc_row][vc_column width=&#8221;2\/3&#8243;][vc_column_text el_class=&#8221;details_blue&#8221;]<span style=\"font-size: 14pt;\"><em><span class=\"TextRun SCXW120951421 BCX0\" lang=\"PL-PL\" xml:lang=\"PL-PL\" data-contrast=\"none\"><span class=\"NormalTextRun SCXW120951421 BCX0\">Nabory wniosk\u00f3w w programie POLONEZ BIS zosta\u0142y zako\u0144czone!<\/span><\/span><\/em><\/span><\/p>\n<p>Jeste\u015b naukowcem i masz doskona\u0142y pomys\u0142 na badania?<br \/>\nZrealizujesz je w Polsce![\/vc_column_text][vc_column_text]Szansa na rozw\u00f3j kariery naukowej. Dowolnie wybrany temat, dyscyplina oraz instytucja przyjmuj\u0105ca w Polsce. Atrakcyjne wynagrodzenie. Dodatkowy grant na badania. Szkolenia i sta\u017ce mi\u0119dzysektorowe.<\/p>\n<p><strong>Kto mo\u017ce z\u0142o\u017cy\u0107 wniosek?<\/strong><\/p>\n<ul>\n<li>obywatele dowolnego pa\u0144stwa, bez wzgl\u0119du na narodowo\u015b\u0107, wiek i p\u0142e\u0107<\/li>\n<li>naukowcy z tytu\u0142em doktora lub co najmniej 4-letnim, pe\u0142noetatowym, udokumentowanym do\u015bwiadczeniem badawczym<\/li>\n<li>osoby, kt\u00f3re w ci\u0105gu 3 lat przed dniem og\u0142oszenia konkursu nie mieszka\u0142y i nie pracowa\u0142y w Polsce d\u0142u\u017cej ni\u017c 12 miesi\u0119cy (naukowcy staraj\u0105cy si\u0119 o status uchod\u017acy b\u0119d\u0105 mogli przed\u0142u\u017cy\u0107 ten okres)<\/li>\n<li>badacze gotowi zmieni\u0107 miejsce pracy i przeprowadzi\u0107 si\u0119 do Polski na 2 lata \u2013 na ca\u0142y okres realizacji projektu<\/li>\n<\/ul>\n<p><strong>Warunki finansowe<\/strong><\/p>\n<ul>\n<li>Zatrudnienie w oparciu o umow\u0119 o prac\u0119 oraz ubezpieczenie zdrowotne i spo\u0142eczne zagwarantowane w Kodeksie Pracy<\/li>\n<li>Atrakcyjne wynagrodzenie\n<ul>\n<li>Living and Mobility allowance: 4 465 euro miesi\u0119cznie brutto<\/li>\n<li>Family allowance: 300 euro miesi\u0119cznie brutto (dla os\u00f3b przyje\u017cd\u017caj\u0105cych z rodzinami)<\/li>\n<li>Special needs allowance: 200 euro miesi\u0119cznie brutto (dla os\u00f3b z niepe\u0142nosprawno\u015bci\u0105)<\/li>\n<\/ul>\n<\/li>\n<li>Grant badawczy do 100 000 euro, m.in. na wynagrodzenia cz\u0142onk\u00f3w zespo\u0142u, zakup aparatury, koszty bada\u0144 terenowych, wyjazdy na konferencje i sta\u017ce mi\u0119dzysektorowe<\/li>\n<\/ul>\n<p><strong>Ocena wniosk\u00f3w<\/strong><br \/>\nFinansowanie otrzymaj\u0105 najlepsze projekty badawcze, kt\u00f3rych kierownicy spe\u0142niaj\u0105 warunki konkursu i dysponuj\u0105 niezb\u0119dnym do\u015bwiadczeniem naukowym oraz umiej\u0119tno\u015bciami do ich realizacji. Udzia\u0142 w programie powinien korzystnie wp\u0142yn\u0105\u0107 na rozw\u00f3j kariery naukowej Sta\u017cysty po zako\u0144czeniu projektu. NCN ocenia wnioski w spos\u00f3b transparentny, bezstronny i rzetelny w dwuetapowej procedurze prowadzonej przez krajowych i mi\u0119dzynarodowych ekspert\u00f3w. Cz\u0119\u015bci\u0105 drugiego etapu oceny jest rozmowa kwalifikacyjna online. Szans\u0119 na finansowanie otrzymaj\u0105 projekty, kt\u00f3re \u0142\u0105cznie uzyskaj\u0105 co najmniej 70% punkt\u00f3w.[\/vc_column_text][\/vc_column][vc_column width=&#8221;1\/3&#8243;][vc_single_image image=&#8221;4067&#8243; img_size=&#8221;full&#8221; onclick=&#8221;custom_link&#8221; link=&#8221;https:\/\/polonezbis.eu\/wp-content\/uploads\/2022\/07\/2022-07-22_POLONEZ-BIS-2-Guide-for-applicants-4.0.pdf&#8221;][vc_column_text]<\/p>\n<p style=\"text-align: center;\"><a href=\"https:\/\/polonezbis.eu\/wp-content\/uploads\/2022\/08\/2022-07-22_POLONEZ-BIS-3-Guide-for-applicants-4.0.pdf\">POLONEZ BIS 3 &#8211; Przewodnik dla wnioskodawc\u00f3w, wersja 4.0<\/a><\/p>\n<p>[\/vc_column_text][vc_column_text]<\/p>\n<p style=\"text-align: center;\"><a href=\"https:\/\/polonezbis.eu\/wp-content\/uploads\/2022\/04\/How-to-submit-a-POLONEZBIS2-proposal-in-the-OSF-system.pdf\">Jak z\u0142o\u017cy\u0107 wniosek w systemie OSF<\/a><\/p>\n<p>[\/vc_column_text][vc_separator][vc_column_text][\/vc_column_text][\/vc_column][\/vc_row]<\/p>\n","protected":false},"excerpt":{"rendered":"<p>[vc_row][vc_column][vc_custom_heading text=&#8221;Wnioskodawcy&#8221; use_theme_fonts=&#8221;yes&#8221;][\/vc_column][\/vc_row][vc_row][vc_column width=&#8221;2\/3&#8243;][vc_column_text el_class=&#8221;details_blue&#8221;]Nabory wniosk\u00f3w w programie POLONEZ BIS zosta\u0142y zako\u0144czone! Jeste\u015b naukowcem i masz doskona\u0142y pomys\u0142 na badania? Zrealizujesz je w Polsce![\/vc_column_text][vc_column_text]Szansa na rozw\u00f3j kariery naukowej. Dowolnie wybrany temat, dyscyplina oraz instytucja przyjmuj\u0105ca w Polsce. Atrakcyjne wynagrodzenie. Dodatkowy grant na badania. Szkolenia i sta\u017ce mi\u0119dzysektorowe. Kto mo\u017ce z\u0142o\u017cy\u0107 wniosek? obywatele dowolnego pa\u0144stwa, bez [&hellip;]<\/p>\n","protected":false},"author":1,"featured_media":0,"parent":0,"menu_order":0,"comment_status":"closed","ping_status":"closed","template":"page-templates\/template-right-sidebar.php","meta":{"footnotes":""},"class_list":["post-525","page","type-page","status-publish","hentry"],"acf":[],"_links":{"self":[{"href":"https:\/\/polonezbis.eu\/pl\/wp-json\/wp\/v2\/pages\/525","targetHints":{"allow":["GET"]}}],"collection":[{"href":"https:\/\/polonezbis.eu\/pl\/wp-json\/wp\/v2\/pages"}],"about":[{"href":"https:\/\/polonezbis.eu\/pl\/wp-json\/wp\/v2\/types\/page"}],"author":[{"embeddable":true,"href":"https:\/\/polonezbis.eu\/pl\/wp-json\/wp\/v2\/users\/1"}],"replies":[{"embeddable":true,"href":"https:\/\/polonezbis.eu\/pl\/wp-json\/wp\/v2\/comments?post=525"}],"version-history":[{"count":32,"href":"https:\/\/polonezbis.eu\/pl\/wp-json\/wp\/v2\/pages\/525\/revisions"}],"predecessor-version":[{"id":4779,"href":"https:\/\/polonezbis.eu\/pl\/wp-json\/wp\/v2\/pages\/525\/revisions\/4779"}],"wp:attachment":[{"href":"https:\/\/polonezbis.eu\/pl\/wp-json\/wp\/v2\/media?parent=525"}],"curies":[{"name":"wp","href":"https:\/\/api.w.org\/{rel}","templated":true}]}}