{"id":2951,"date":"2021-10-26T06:32:29","date_gmt":"2021-10-26T06:32:29","guid":{"rendered":"https:\/\/polonezbis.eu\/en\/?page_id=2951&#038;preview_id=2951"},"modified":"2025-10-08T08:54:24","modified_gmt":"2025-10-08T08:54:24","slug":"nasz-zespol","status":"publish","type":"page","link":"https:\/\/polonezbis.eu\/pl\/nasz-zespol\/","title":{"rendered":"Nasz zesp\u00f3\u0142"},"content":{"rendered":"<p>[vc_row][vc_column][vc_custom_heading text=&#8221;Zesp\u00f3\u0142 programu POLONEZ BIS&#8221; use_theme_fonts=&#8221;yes&#8221;][\/vc_column][\/vc_row][vc_row][vc_column][vc_column_text]<\/p>\n<ul>\n<li><a href=\"#1\">Wsparcie administracyjne\u00a0<\/a><\/li>\n<li><a href=\"#2\">Koordynatorki dyscyplin<\/a><a id=\"1\"><\/a><\/li>\n<\/ul>\n<p>[\/vc_column_text][\/vc_column][\/vc_row][vc_row][vc_column][vc_column_text][\/vc_column_text][\/vc_column][\/vc_row][vc_row][vc_column][vc_column_text][\/vc_column_text][\/vc_column][\/vc_row][vc_row][vc_column][vc_column_text]<span style=\"color: #003399; font-size: 16pt;\"><strong>Wsparcie administracyjne<\/strong><\/span>[\/vc_column_text][\/vc_column][\/vc_row][vc_row content_placement=&#8221;middle&#8221;][vc_column width=&#8221;1\/5&#8243;][vc_single_image image=&#8221;3142&#8243; img_size=&#8221;250&#215;250&#8243; alignment=&#8221;center&#8221; style=&#8221;vc_box_circle_2&#8243;][\/vc_column][vc_column width=&#8221;4\/5&#8243;][vc_column_text]<span style=\"color: #003399; font-size: 14pt;\"><a href=\"mailto:jolanta.palowska@ncn.gov.pl\"><strong>Jolanta Palowska<\/strong><\/a>, absolwentka Instytutu Filologii Angielskiej Uniwersytetu Jagiello\u0144skiego w Krakowie. Prowadzi\u0142a zaj\u0119cia z j\u0119zykoznawstwa, pracowa\u0142a jako t\u0142umacz i redaktor, a w 2009 roku do\u0142\u0105czy\u0142a do zespo\u0142u wsparcia projekt\u00f3w mi\u0119dzynarodowych w Collegium Medicum Uniwersytetu Jagiello\u0144skiego. Z Narodowym Centrum Nauki zwi\u0105zana od 2017 roku. Kierownik projektu POLONEZ BIS, odpowiedzialna za bie\u017c\u0105c\u0105 obs\u0142ug\u0119 programu i raportowanie do Komisji Europejskiej.<\/span>[\/vc_column_text][\/vc_column][\/vc_row][vc_row][vc_column][vc_column_text]<\/p>\n<p>[\/vc_column_text][\/vc_column][\/vc_row][vc_row content_placement=&#8221;middle&#8221;][vc_column width=&#8221;1\/5&#8243;][vc_single_image image=&#8221;2956&#8243; img_size=&#8221;250&#215;250&#8243; alignment=&#8221;center&#8221; style=&#8221;vc_box_circle_2&#8243;][\/vc_column][vc_column width=&#8221;4\/5&#8243;][vc_column_text]<span style=\"color: #003399; font-size: 14pt;\"><a href=\"mailto:przemyslaw.puchala@ncn.gov.pl\"><strong>Przemys\u0142aw Pucha\u0142a<\/strong><\/a>, absolwent Wydzia\u0142u Studi\u00f3w Mi\u0119dzynarodowych i Politycznych UJ. Pierwsze do\u015bwiadczenie zawodowe w zakresie zarz\u0105dzania projektami finansowanymi ze \u015brodk\u00f3w UE zdobywa\u0142 podczas sta\u017cu realizowanego w ramach programu Erasmus+. Prac\u0119 dla Narodowego Centrum Nauki rozpocz\u0105\u0142 w listopadzie 2018 r., pocz\u0105tkowo w Dziale Bada\u0144 Naukowych i Rozwoju Naukowc\u00f3w, a nast\u0119pnie w Dziale Wsp\u00f3\u0142pracy Mi\u0119dzynarodowej. W programie POLONEZ BIS jest odpowiedzialny za nadz\u00f3r nad przebiegiem procesu raportowania wynik\u00f3w projekt\u00f3w do Centrum, w tym za weryfikacj\u0119 formaln\u0105 raport\u00f3w oraz kontakty z wnioskodawcami.<\/span>[\/vc_column_text][\/vc_column][\/vc_row][vc_row][vc_column][vc_column_text][\/vc_column_text][\/vc_column][\/vc_row][vc_row content_placement=&#8221;middle&#8221;][vc_column width=&#8221;1\/5&#8243;][vc_single_image image=&#8221;2949&#8243; img_size=&#8221;250&#215;250&#8243; alignment=&#8221;center&#8221; style=&#8221;vc_box_circle_2&#8243;][\/vc_column][vc_column width=&#8221;4\/5&#8243;][vc_column_text]<span style=\"color: #003399; font-size: 14pt;\"><a href=\"mailto:piotr.malinowski@ncn.gov.pl\"><strong>Piotr Malinowski<\/strong><\/a>, absolwent Instytutu Dziennikarstwa, Medi\u00f3w i Komunikacji Spo\u0142ecznej UJ. Wsp\u00f3\u0142pracowa\u0142 z mediami w Polsce, Ukrainie i S\u0142owenii. W programie POLONEZ BIS jest odpowiedzialny za promocj\u0119 oraz kontakty z wnioskodawcami.\u00a0<\/span> <a id=\"2\"><\/a>[\/vc_column_text][\/vc_column][\/vc_row][vc_row][vc_column][vc_column_text][\/vc_column_text][\/vc_column][\/vc_row][vc_row][vc_column][vc_column_text][\/vc_column_text][\/vc_column][\/vc_row][vc_row][vc_column][vc_column_text]<span style=\"color: #003399; font-size: 16pt;\"><strong>Koordynatorki dyscyplin<\/strong><\/span>[\/vc_column_text][\/vc_column][\/vc_row][vc_row content_placement=&#8221;middle&#8221;][vc_column width=&#8221;1\/5&#8243;][vc_single_image image=&#8221;3226&#8243; img_size=&#8221;250&#215;250&#8243; alignment=&#8221;center&#8221; style=&#8221;vc_box_circle_2&#8243;][\/vc_column][vc_column width=&#8221;4\/5&#8243;][vc_column_text]<span style=\"color: #003399; font-size: 14pt;\"><strong><a href=\"mailto:Anna.Fiust@ncn.gov.pl\"><strong>Anna Fiust<\/strong><\/a>,<\/strong> absolwentka Mi\u0119dzywydzia\u0142owych Studi\u00f3w &#8211; Biotechnologia na Uniwersytecie Rolniczym (UR) w Krakowie. W trakcie swojej pracy naukowej bra\u0142a udzia\u0142 w realizacji kilku projekt\u00f3w naukowych z zakresu biotechnologii, genetyki i fizjologii ro\u015blin, w tym by\u0142a kierownikiem projektu PRELUDIUM przyznanego przez Narodowe Centrum Nauki. Od 2019 roku zatrudniona w Narodowym Centrum Nauki na stanowisku Koordynatora Dyscyplin w dziale Nauk o \u017byciu. W Programie POLONEZ BIS \u0142\u0105czy rol\u0119 koordynatora w zakresie Nauk o \u017byciu z koordynacj\u0105 procesu oceny wniosk\u00f3w we wszystkich edycjach konkursowych. <\/span>[\/vc_column_text][\/vc_column][\/vc_row][vc_row][vc_column][vc_column_text][\/vc_column_text][\/vc_column][\/vc_row][vc_row content_placement=&#8221;middle&#8221;][vc_column width=&#8221;1\/5&#8243;][vc_single_image image=&#8221;3232&#8243; img_size=&#8221;250&#215;250&#8243; alignment=&#8221;center&#8221; style=&#8221;vc_box_circle_2&#8243;][\/vc_column][vc_column width=&#8221;4\/5&#8243;][vc_column_text]<span style=\"color: #003399; font-size: 14pt;\"><strong><a href=\"mailto:anita.bielanska@ncn.gov.pl\"><strong>Anita Biela\u0144ska<\/strong><\/a><\/strong>, absolwentka Filologii W\u0142oskiej i Filmoznawstwa UJ, badaczka kinematografii w\u0142oskiej. Pracuje jako Koordynator Dyscyplin NCN od listopada 2020. W konkursie POLONEZ BIS odpowiedzialna za koordynowanie procesu ewaluacji wniosk\u00f3w z\u0142o\u017conych w obszarze nauk Humanistycznych, Spo\u0142ecznych i o Sztuce.\u00a0<\/span>[\/vc_column_text][\/vc_column][\/vc_row]<\/p>\n","protected":false},"excerpt":{"rendered":"<p>[vc_row][vc_column][vc_custom_heading text=&#8221;Zesp\u00f3\u0142 programu POLONEZ BIS&#8221; use_theme_fonts=&#8221;yes&#8221;][\/vc_column][\/vc_row][vc_row][vc_column][vc_column_text] Wsparcie administracyjne\u00a0 Koordynatorki dyscyplin [\/vc_column_text][\/vc_column][\/vc_row][vc_row][vc_column][vc_column_text][\/vc_column_text][\/vc_column][\/vc_row][vc_row][vc_column][vc_column_text][\/vc_column_text][\/vc_column][\/vc_row][vc_row][vc_column][vc_column_text]Wsparcie administracyjne[\/vc_column_text][\/vc_column][\/vc_row][vc_row content_placement=&#8221;middle&#8221;][vc_column width=&#8221;1\/5&#8243;][vc_single_image image=&#8221;3142&#8243; img_size=&#8221;250&#215;250&#8243; alignment=&#8221;center&#8221; style=&#8221;vc_box_circle_2&#8243;][\/vc_column][vc_column width=&#8221;4\/5&#8243;][vc_column_text]Jolanta Palowska, absolwentka Instytutu Filologii Angielskiej Uniwersytetu Jagiello\u0144skiego w Krakowie. Prowadzi\u0142a zaj\u0119cia z j\u0119zykoznawstwa, pracowa\u0142a jako t\u0142umacz i redaktor, a w 2009 roku do\u0142\u0105czy\u0142a do zespo\u0142u wsparcia projekt\u00f3w mi\u0119dzynarodowych w Collegium Medicum Uniwersytetu Jagiello\u0144skiego. Z Narodowym Centrum [&hellip;]<\/p>\n","protected":false},"author":4,"featured_media":3289,"parent":0,"menu_order":0,"comment_status":"closed","ping_status":"closed","template":"page-templates\/template-right-sidebar.php","meta":{"footnotes":""},"class_list":["post-2951","page","type-page","status-publish","has-post-thumbnail","hentry"],"acf":[],"_links":{"self":[{"href":"https:\/\/polonezbis.eu\/pl\/wp-json\/wp\/v2\/pages\/2951","targetHints":{"allow":["GET"]}}],"collection":[{"href":"https:\/\/polonezbis.eu\/pl\/wp-json\/wp\/v2\/pages"}],"about":[{"href":"https:\/\/polonezbis.eu\/pl\/wp-json\/wp\/v2\/types\/page"}],"author":[{"embeddable":true,"href":"https:\/\/polonezbis.eu\/pl\/wp-json\/wp\/v2\/users\/4"}],"replies":[{"embeddable":true,"href":"https:\/\/polonezbis.eu\/pl\/wp-json\/wp\/v2\/comments?post=2951"}],"version-history":[{"count":59,"href":"https:\/\/polonezbis.eu\/pl\/wp-json\/wp\/v2\/pages\/2951\/revisions"}],"predecessor-version":[{"id":15278,"href":"https:\/\/polonezbis.eu\/pl\/wp-json\/wp\/v2\/pages\/2951\/revisions\/15278"}],"wp:featuredmedia":[{"embeddable":true,"href":"https:\/\/polonezbis.eu\/pl\/wp-json\/wp\/v2\/media\/3289"}],"wp:attachment":[{"href":"https:\/\/polonezbis.eu\/pl\/wp-json\/wp\/v2\/media?parent=2951"}],"curies":[{"name":"wp","href":"https:\/\/api.w.org\/{rel}","templated":true}]}}